{"id":42533,"date":"2024-11-29T17:44:23","date_gmt":"2024-11-29T16:44:23","guid":{"rendered":"https:\/\/iaber.it\/smartmatik\/"},"modified":"2025-09-17T11:29:43","modified_gmt":"2025-09-17T09:29:43","slug":"smartmatik","status":"publish","type":"page","link":"https:\/\/iaber.it\/fr\/smartmatik\/","title":{"rendered":"Smartmatik"},"content":{"rendered":"<p>[vc_row css=&#8221;.vc_custom_1758100940703{background-image: url(https:\/\/iaber.it\/wp-content\/uploads\/2024\/11\/sfondo-tecnico-2.png?id=40116) !important;background-position: center !important;background-repeat: no-repeat !important;background-size: contain !important;}&#8221;][vc_column width=&#8221;1\/4&#8243;][vc_separator][vc_column_text]<\/p>\n<h1>VERSION AVEC PORTE-FLACON<\/h1>\n<p>[\/vc_column_text][vc_separator color=&#8221;white&#8221;][vc_separator][vc_column_text]<\/p>\n<h1>VERSION AVEC TUYAU D\u2019ALIMENTATION<\/h1>\n<p>[\/vc_column_text][vc_separator][\/vc_column][vc_column width=&#8221;3\/4&#8243;][vc_single_image image=&#8221;42524&#8243; img_size=&#8221;2000X1000&#8243;][\/vc_column][\/vc_row][vc_row css=&#8221;.vc_custom_1732188358502{background-image: url(https:\/\/iaber.it\/wp-content\/uploads\/2024\/11\/sfondo-tecnico-2.png?id=40116) !important;background-position: center !important;background-repeat: no-repeat !important;background-size: contain !important;}&#8221;][vc_column width=&#8221;1\/6&#8243;][\/vc_column][vc_column width=&#8221;2\/3&#8243;][vc_column_text]<\/p>\n<div style=\"width: 1200px;\" class=\"wp-video\"><!--[if lt IE 9]><script>document.createElement('video');<\/script><![endif]-->\n<video class=\"wp-video-shortcode\" id=\"video-42533-1\" width=\"1200\" height=\"675\" preload=\"metadata\" controls=\"controls\"><source type=\"video\/mp4\" src=\"https:\/\/iaber.it\/wp-content\/uploads\/2024\/11\/TPKC3488.mp4?_=1\" \/><a href=\"https:\/\/iaber.it\/wp-content\/uploads\/2024\/11\/TPKC3488.mp4\">https:\/\/iaber.it\/wp-content\/uploads\/2024\/11\/TPKC3488.mp4<\/a><\/video><\/div>\n<p>[\/vc_column_text][\/vc_column][vc_column width=&#8221;1\/6&#8243;][\/vc_column][\/vc_row][vc_row][vc_column][vc_separator][\/vc_column][\/vc_row][vc_row][vc_column][vc_column_text]<\/p>\n<p style=\"text-align: center;\"><strong data-start=\"0\" data-end=\"34\" data-is-only-node=\"\">Seringue v\u00e9t\u00e9rinaire innovante<\/strong> avec <strong data-start=\"40\" data-end=\"63\">poign\u00e9e ergonomique<\/strong> pour une utilisation confortable et s\u00e9curis\u00e9e. \u00c9quip\u00e9e d\u2019un <strong data-start=\"124\" data-end=\"169\">porte-flacon avec syst\u00e8me de verrouillage<\/strong>, elle garantit une parfaite stabilit\u00e9 pendant l\u2019utilisation. Le <strong data-start=\"234\" data-end=\"253\">dosage r\u00e9glable<\/strong> assure une administration pr\u00e9cise, tandis que les <strong data-start=\"304\" data-end=\"337\">valves facilement d\u00e9montables<\/strong> permettent un <strong data-start=\"352\" data-end=\"385\">nettoyage rapide et minutieux<\/strong>. \u00c9galement disponible en <strong data-start=\"411\" data-end=\"448\">version avec tuyau d\u2019alimentation<\/strong>, id\u00e9ale pour une large vari\u00e9t\u00e9 d\u2019applications v\u00e9t\u00e9rinaires.<\/p>\n<p>[\/vc_column_text][vc_separator][\/vc_column][\/vc_row][vc_row][vc_column width=&#8221;1\/4&#8243;]<div class=\"dt-fancy-separator h1-size\" style=\"width: 100%;\"><div class=\"dt-fancy-title\"><span class=\"separator-holder separator-left\"><\/span>PI\u00c8CES DE RECHANGE DISPONIBLES<span class=\"separator-holder separator-right\"><\/span><\/div><\/div>[vc_column_text]<strong data-start=\"0\" data-end=\"50\" data-is-only-node=\"\">Toutes les pi\u00e8ces de rechange sont disponibles<\/strong> pour garantir une longue dur\u00e9e de vie et un entretien facile de la seringue v\u00e9t\u00e9rinaire. Parmi les pi\u00e8ces, vous trouverez des <strong data-start=\"177\" data-end=\"187\">valves<\/strong>, des <strong data-start=\"193\" data-end=\"203\">joints<\/strong>, des <strong data-start=\"209\" data-end=\"234\">tuyaux d\u2019alimentation<\/strong>, des <strong data-start=\"240\" data-end=\"257\">porte-flacons<\/strong> et d\u2019autres composants essentiels, assurant le <strong data-start=\"305\" data-end=\"359\">fonctionnement optimal du dispositif dans le temps<\/strong>.[\/vc_column_text][\/vc_column][vc_column width=&#8221;3\/4&#8243;][vc_separator color=&#8221;white&#8221;]<style type=\"text\/css\" data-type=\"the7_shortcodes-inline-css\">.gallery-carousel-shortcode.gallery-carousel-shortcode-id-9f218fc5cdd6d22ae05340bd7326fa9e .owl-nav a {\n  width: 36px;\n  height: 36px;\n  border-radius: 500px;\n}\n.dt-arrow-border-on.gallery-carousel-shortcode.gallery-carousel-shortcode-id-9f218fc5cdd6d22ae05340bd7326fa9e .owl-nav a:not(:hover):before {\n  border-width: 0px;\n}\n.dt-arrow-hover-border-on.gallery-carousel-shortcode.gallery-carousel-shortcode-id-9f218fc5cdd6d22ae05340bd7326fa9e .owl-nav a:hover:after {\n  border-width: 0px;\n}\n.gallery-carousel-shortcode.gallery-carousel-shortcode-id-9f218fc5cdd6d22ae05340bd7326fa9e .owl-nav a.owl-prev {\n  top: 50%;\n  transform: translateY(calc(-50% + 0px));\n  left: -43px;\n}\n@media all and (-ms-high-contrast: none) {\n  .gallery-carousel-shortcode.gallery-carousel-shortcode-id-9f218fc5cdd6d22ae05340bd7326fa9e .owl-nav a.owl-prev {\n    transform: translateY(-50%);\n    margin-top: 0px;\n  }\n}\n.gallery-carousel-shortcode.gallery-carousel-shortcode-id-9f218fc5cdd6d22ae05340bd7326fa9e .owl-nav a.owl-prev i {\n  padding: 0px 0px 0px 0px;\n}\n.gallery-carousel-shortcode.gallery-carousel-shortcode-id-9f218fc5cdd6d22ae05340bd7326fa9e .owl-nav a.owl-next {\n  top: 50%;\n  transform: translateY(calc(-50% + 0px));\n  right: -43px;\n}\n@media all and (-ms-high-contrast: none) {\n  .gallery-carousel-shortcode.gallery-carousel-shortcode-id-9f218fc5cdd6d22ae05340bd7326fa9e .owl-nav a.owl-next {\n    transform: translateY(-50%);\n    margin-top: 0px;\n  }\n}\n.gallery-carousel-shortcode.gallery-carousel-shortcode-id-9f218fc5cdd6d22ae05340bd7326fa9e .owl-nav a.owl-next i {\n  padding: 0px 0px 0px 0px;\n}\n.gallery-carousel-shortcode.gallery-carousel-shortcode-id-9f218fc5cdd6d22ae05340bd7326fa9e .owl-nav i {\n  font-size: 18px;\n}\n.gallery-carousel-shortcode.gallery-carousel-shortcode-id-9f218fc5cdd6d22ae05340bd7326fa9e .owl-nav a:not(:hover) i,\n.gallery-carousel-shortcode.gallery-carousel-shortcode-id-9f218fc5cdd6d22ae05340bd7326fa9e .owl-nav a:not(:hover) i:before {\n  color: #ffffff;\n  background: none;\n}\n.gallery-carousel-shortcode.gallery-carousel-shortcode-id-9f218fc5cdd6d22ae05340bd7326fa9e .owl-nav a:hover i,\n.gallery-carousel-shortcode.gallery-carousel-shortcode-id-9f218fc5cdd6d22ae05340bd7326fa9e .owl-nav a:hover i:before {\n  color: rgba(255,255,255,0.75);\n  background: none;\n}\n.gallery-carousel-shortcode.gallery-carousel-shortcode-id-9f218fc5cdd6d22ae05340bd7326fa9e .owl-dots {\n  top: calc(100% + 20px);\n  left: 50%;\n  transform: translateX(calc(-50% + 0px));\n}\n@media all and (-ms-high-contrast: none) {\n  .gallery-carousel-shortcode.gallery-carousel-shortcode-id-9f218fc5cdd6d22ae05340bd7326fa9e .owl-dots {\n    transform: translateX(-50%);\n    margin-left: 0px;\n  }\n}\n.gallery-carousel-shortcode.gallery-carousel-shortcode-id-9f218fc5cdd6d22ae05340bd7326fa9e .owl-dot {\n  width: 10px;\n  height: 10px;\n  margin: 0 8px;\n}\n@media screen and (max-width: 778px) {\n  .gallery-carousel-shortcode.gallery-carousel-shortcode-id-9f218fc5cdd6d22ae05340bd7326fa9e.hide-arrows .owl-nav a {\n    display: none;\n  }\n}\n@media screen and (max-width: 778px) {\n  .gallery-carousel-shortcode.gallery-carousel-shortcode-id-9f218fc5cdd6d22ae05340bd7326fa9e.reposition-arrows .owl-nav .owl-prev {\n    top: 50%;\n    transform: translateY(calc(-50% + 0px));\n    left: 10px;\n  }\n  .gallery-carousel-shortcode.gallery-carousel-shortcode-id-9f218fc5cdd6d22ae05340bd7326fa9e.reposition-arrows .owl-nav .owl-next {\n    top: 50%;\n    transform: translateY(calc(-50% + 0px));\n    right: 10px;\n  }\n}\n@media screen and (max-width: 778px) and all and (-ms-high-contrast: none) {\n  .gallery-carousel-shortcode.gallery-carousel-shortcode-id-9f218fc5cdd6d22ae05340bd7326fa9e.reposition-arrows .owl-nav .owl-prev {\n    transform: translateY(-50%);\n    margin-top: 0px;\n  }\n}\n@media screen and (max-width: 778px) and all and (-ms-high-contrast: none) {\n  .gallery-carousel-shortcode.gallery-carousel-shortcode-id-9f218fc5cdd6d22ae05340bd7326fa9e.reposition-arrows .owl-nav .owl-next {\n    transform: translateY(-50%);\n    margin-top: 0px;\n  }\n}\n.gallery-carousel-shortcode.gallery-carousel-shortcode-id-9f218fc5cdd6d22ae05340bd7326fa9e figure,\n.gallery-carousel-shortcode.gallery-carousel-shortcode-id-9f218fc5cdd6d22ae05340bd7326fa9e .rollover,\n.gallery-carousel-shortcode.gallery-carousel-shortcode-id-9f218fc5cdd6d22ae05340bd7326fa9e img,\n.gallery-carousel-shortcode.gallery-carousel-shortcode-id-9f218fc5cdd6d22ae05340bd7326fa9e .gallery-rollover {\n  border-radius: 0px;\n}\n.gallery-carousel-shortcode.gallery-carousel-shortcode-id-9f218fc5cdd6d22ae05340bd7326fa9e.enable-bg-rollover .gallery-rollover {\n  background: -webkit-linear-gradient();\n  background: linear-gradient();\n}\n.gallery-carousel-shortcode.gallery-carousel-shortcode-id-9f218fc5cdd6d22ae05340bd7326fa9e.enable-img-shadow .owl-stage-outer {\n  padding: 14px 0;\n}\n.gallery-carousel-shortcode.gallery-carousel-shortcode-id-9f218fc5cdd6d22ae05340bd7326fa9e.enable-bg-rollover.hover-scale figure .rollover:after {\n  background: -webkit-linear-gradient();\n  background: linear-gradient();\n}\n.gallery-carousel-shortcode.gallery-carousel-shortcode-id-9f218fc5cdd6d22ae05340bd7326fa9e.gallery-shortcode .gallery-zoom-ico {\n  width: 44px;\n  height: 44px;\n  line-height: 44px;\n  border-radius: 100px;\n  margin: -22px 0 0 -22px;\n  border-width: 0px;\n}\n.dt-icon-bg-on.gallery-carousel-shortcode.gallery-carousel-shortcode-id-9f218fc5cdd6d22ae05340bd7326fa9e.gallery-shortcode .gallery-zoom-ico {\n  background: rgba(255,255,255,0.3);\n  box-shadow: none;\n}\n.gallery-carousel-shortcode.gallery-carousel-shortcode-id-9f218fc5cdd6d22ae05340bd7326fa9e.gallery-shortcode .gallery-zoom-ico:before,\n.gallery-carousel-shortcode.gallery-carousel-shortcode-id-9f218fc5cdd6d22ae05340bd7326fa9e.gallery-shortcode .gallery-zoom-ico span {\n  font-size: 32px;\n  line-height: 44px;\n  color: #ffffff;\n  background: none;\n}\n<\/style><div class=\"owl-carousel gallery-carousel-shortcode gallery-shortcode  dt-gallery-container dt-owl-carousel-call gallery-carousel-shortcode-id-9f218fc5cdd6d22ae05340bd7326fa9e quick-scale-img enable-bg-rollover meta-info-off dt-arrow-border-on dt-arrow-hover-border-on bullets-small-dot-stroke reposition-arrows dt-icon-bg-off arrows-bg-on disable-arrows-hover-bg arrows-hover-bg-on  hover-fade \" data-scroll-mode=\"1\" data-col-num=\"6\" data-wide-col-num=\"6\" data-laptop-col=\"5\" data-h-tablet-columns-num=\"4\" data-v-tablet-columns-num=\"3\" data-phone-columns-num=\"1\" data-col-gap=\"10\" data-stage-padding=\"0\" data-speed=\"600\" data-autoplay=\"false\" data-autoplay_speed=\"6000\" data-arrows=\"true\" data-bullet=\"false\" data-next-icon=\"icon-ar-017-r\" data-prev-icon=\"icon-ar-017-l\" data-img-shadow-size=\"12px\" data-img-shadow-spread=\"3px\"><div data-post-id=\"40067\" data-date=\"2024-11-19T15:51:14+01:00\" data-name=\"02.01.4508-10\"><figure class=\"post\"><a href=\"https:\/\/iaber.it\/wp-content\/uploads\/2024\/11\/02.01.4508-10-scaled.jpg\" class=\"rollover dt-pswp-item layzr-bg\" data-large_image_width=\"2560\" data-large_image_height=\"2560\" data-dt-img-description=\"\" title=\"02.01.4508-10\"><img decoding=\"async\" class=\"preload-me owl-lazy-load\" src=\"data:image\/svg+xml,%3Csvg%20xmlns%3D&#39;http%3A%2F%2Fwww.w3.org%2F2000%2Fsvg&#39;%20viewBox%3D&#39;0%200%202560%202560&#39;%2F%3E\" data-src=\"https:\/\/iaber.it\/wp-content\/uploads\/2024\/11\/02.01.4508-10-scaled.jpg\" data-srcset=\"https:\/\/iaber.it\/wp-content\/uploads\/2024\/11\/02.01.4508-10-scaled.jpg 2560w\" alt=\"\" width=\"2560\" height=\"2560\"  \/><span class=\"gallery-rollover\"><span class=\"gallery-zoom-ico icomoon-the7-font-the7-expand-01\"><span><\/span><\/span><\/span><\/a><\/figure><\/div><div data-post-id=\"40070\" data-date=\"2024-11-19T15:51:19+01:00\" data-name=\"02.01.4517\"><figure class=\"post\"><a href=\"https:\/\/iaber.it\/wp-content\/uploads\/2024\/11\/02.01.4517-scaled.jpg\" class=\"rollover dt-pswp-item layzr-bg\" data-large_image_width=\"2560\" data-large_image_height=\"2560\" data-dt-img-description=\"\" title=\"02.01.4517\"><img decoding=\"async\" class=\"preload-me owl-lazy-load\" src=\"data:image\/svg+xml,%3Csvg%20xmlns%3D&#39;http%3A%2F%2Fwww.w3.org%2F2000%2Fsvg&#39;%20viewBox%3D&#39;0%200%202560%202560&#39;%2F%3E\" data-src=\"https:\/\/iaber.it\/wp-content\/uploads\/2024\/11\/02.01.4517-scaled.jpg\" data-srcset=\"https:\/\/iaber.it\/wp-content\/uploads\/2024\/11\/02.01.4517-scaled.jpg 2560w\" alt=\"\" width=\"2560\" height=\"2560\"  \/><span class=\"gallery-rollover\"><span class=\"gallery-zoom-ico icomoon-the7-font-the7-expand-01\"><span><\/span><\/span><\/span><\/a><\/figure><\/div><div data-post-id=\"40073\" data-date=\"2024-11-19T15:51:26+01:00\" data-name=\"02.01.4519\"><figure class=\"post\"><a href=\"https:\/\/iaber.it\/wp-content\/uploads\/2024\/11\/02.01.4519-scaled.jpg\" class=\"rollover dt-pswp-item layzr-bg\" data-large_image_width=\"2560\" data-large_image_height=\"2560\" data-dt-img-description=\"\" title=\"02.01.4519\"><img decoding=\"async\" class=\"preload-me owl-lazy-load\" src=\"data:image\/svg+xml,%3Csvg%20xmlns%3D&#39;http%3A%2F%2Fwww.w3.org%2F2000%2Fsvg&#39;%20viewBox%3D&#39;0%200%202560%202560&#39;%2F%3E\" data-src=\"https:\/\/iaber.it\/wp-content\/uploads\/2024\/11\/02.01.4519-scaled.jpg\" data-srcset=\"https:\/\/iaber.it\/wp-content\/uploads\/2024\/11\/02.01.4519-scaled.jpg 2560w\" alt=\"\" width=\"2560\" height=\"2560\"  \/><span class=\"gallery-rollover\"><span class=\"gallery-zoom-ico icomoon-the7-font-the7-expand-01\"><span><\/span><\/span><\/span><\/a><\/figure><\/div><div data-post-id=\"40076\" data-date=\"2024-11-19T15:51:32+01:00\" data-name=\"02.01.4448-9\"><figure class=\"post\"><a href=\"https:\/\/iaber.it\/wp-content\/uploads\/2024\/11\/02.01.4448-9-scaled.jpg\" class=\"rollover dt-pswp-item layzr-bg\" data-large_image_width=\"2560\" data-large_image_height=\"2560\" data-dt-img-description=\"\" title=\"02.01.4448-9\"><img decoding=\"async\" class=\"preload-me owl-lazy-load\" src=\"data:image\/svg+xml,%3Csvg%20xmlns%3D&#39;http%3A%2F%2Fwww.w3.org%2F2000%2Fsvg&#39;%20viewBox%3D&#39;0%200%202560%202560&#39;%2F%3E\" data-src=\"https:\/\/iaber.it\/wp-content\/uploads\/2024\/11\/02.01.4448-9-scaled.jpg\" data-srcset=\"https:\/\/iaber.it\/wp-content\/uploads\/2024\/11\/02.01.4448-9-scaled.jpg 2560w\" alt=\"\" width=\"2560\" height=\"2560\"  \/><span class=\"gallery-rollover\"><span class=\"gallery-zoom-ico icomoon-the7-font-the7-expand-01\"><span><\/span><\/span><\/span><\/a><\/figure><\/div><div data-post-id=\"40079\" data-date=\"2024-11-19T15:51:37+01:00\" data-name=\"02.01.4482-3-90\"><figure class=\"post\"><a href=\"https:\/\/iaber.it\/wp-content\/uploads\/2024\/11\/02.01.4482-3-90-scaled.jpg\" class=\"rollover dt-pswp-item layzr-bg\" data-large_image_width=\"2560\" data-large_image_height=\"2560\" data-dt-img-description=\"\" title=\"02.01.4482-3-90\"><img decoding=\"async\" class=\"preload-me owl-lazy-load\" src=\"data:image\/svg+xml,%3Csvg%20xmlns%3D&#39;http%3A%2F%2Fwww.w3.org%2F2000%2Fsvg&#39;%20viewBox%3D&#39;0%200%202560%202560&#39;%2F%3E\" data-src=\"https:\/\/iaber.it\/wp-content\/uploads\/2024\/11\/02.01.4482-3-90-scaled.jpg\" data-srcset=\"https:\/\/iaber.it\/wp-content\/uploads\/2024\/11\/02.01.4482-3-90-scaled.jpg 2560w\" alt=\"\" width=\"2560\" height=\"2560\"  \/><span class=\"gallery-rollover\"><span class=\"gallery-zoom-ico icomoon-the7-font-the7-expand-01\"><span><\/span><\/span><\/span><\/a><\/figure><\/div><div data-post-id=\"40082\" data-date=\"2024-11-19T15:51:43+01:00\" data-name=\"02.01.4490\"><figure class=\"post\"><a href=\"https:\/\/iaber.it\/wp-content\/uploads\/2024\/11\/02.01.4490-scaled.jpg\" class=\"rollover dt-pswp-item layzr-bg\" data-large_image_width=\"2560\" data-large_image_height=\"2560\" data-dt-img-description=\"\" title=\"02.01.4490\"><img decoding=\"async\" class=\"preload-me owl-lazy-load\" src=\"data:image\/svg+xml,%3Csvg%20xmlns%3D&#39;http%3A%2F%2Fwww.w3.org%2F2000%2Fsvg&#39;%20viewBox%3D&#39;0%200%202560%202560&#39;%2F%3E\" data-src=\"https:\/\/iaber.it\/wp-content\/uploads\/2024\/11\/02.01.4490-scaled.jpg\" data-srcset=\"https:\/\/iaber.it\/wp-content\/uploads\/2024\/11\/02.01.4490-scaled.jpg 2560w\" alt=\"\" width=\"2560\" height=\"2560\"  \/><span class=\"gallery-rollover\"><span class=\"gallery-zoom-ico icomoon-the7-font-the7-expand-01\"><span><\/span><\/span><\/span><\/a><\/figure><\/div><div data-post-id=\"40085\" data-date=\"2024-11-19T15:51:53+01:00\" data-name=\"02.01.4492-3\"><figure class=\"post\"><a href=\"https:\/\/iaber.it\/wp-content\/uploads\/2024\/11\/02.01.4492-3.png\" class=\"rollover dt-pswp-item layzr-bg\" data-large_image_width=\"3020\" data-large_image_height=\"3020\" data-dt-img-description=\"\" title=\"02.01.4492-3\"><img decoding=\"async\" class=\"preload-me owl-lazy-load\" src=\"data:image\/svg+xml,%3Csvg%20xmlns%3D&#39;http%3A%2F%2Fwww.w3.org%2F2000%2Fsvg&#39;%20viewBox%3D&#39;0%200%203020%203020&#39;%2F%3E\" data-src=\"https:\/\/iaber.it\/wp-content\/uploads\/2024\/11\/02.01.4492-3.png\" data-srcset=\"https:\/\/iaber.it\/wp-content\/uploads\/2024\/11\/02.01.4492-3.png 3020w\" alt=\"\" width=\"3020\" height=\"3020\"  \/><span class=\"gallery-rollover\"><span class=\"gallery-zoom-ico icomoon-the7-font-the7-expand-01\"><span><\/span><\/span><\/span><\/a><\/figure><\/div><div data-post-id=\"40088\" data-date=\"2024-11-19T15:51:58+01:00\" data-name=\"02.01.4494\"><figure class=\"post\"><a href=\"https:\/\/iaber.it\/wp-content\/uploads\/2024\/11\/02.01.4494-scaled.jpg\" class=\"rollover dt-pswp-item layzr-bg\" data-large_image_width=\"2560\" data-large_image_height=\"2560\" data-dt-img-description=\"\" title=\"02.01.4494\"><img decoding=\"async\" class=\"preload-me owl-lazy-load\" src=\"data:image\/svg+xml,%3Csvg%20xmlns%3D&#39;http%3A%2F%2Fwww.w3.org%2F2000%2Fsvg&#39;%20viewBox%3D&#39;0%200%202560%202560&#39;%2F%3E\" data-src=\"https:\/\/iaber.it\/wp-content\/uploads\/2024\/11\/02.01.4494-scaled.jpg\" data-srcset=\"https:\/\/iaber.it\/wp-content\/uploads\/2024\/11\/02.01.4494-scaled.jpg 2560w\" alt=\"\" width=\"2560\" height=\"2560\"  \/><span class=\"gallery-rollover\"><span class=\"gallery-zoom-ico icomoon-the7-font-the7-expand-01\"><span><\/span><\/span><\/span><\/a><\/figure><\/div><\/div>[\/vc_column][\/vc_row][vc_row][vc_column][\/vc_column][\/vc_row]<\/p>\n","protected":false},"excerpt":{"rendered":"<p>[vc_row css=&#8221;.vc_custom_1758100940703{background-image: url(https:\/\/iaber.it\/wp-content\/uploads\/2024\/11\/sfondo-tecnico-2.png?id=40116) !important;background-position: center !important;background-repeat: no-repeat !important;background-size: contain !important;}&#8221;][vc_column width=&#8221;1\/4&#8243;][vc_separator][vc_column_text] VERSION AVEC PORTE-FLACON [\/vc_column_text][vc_separator color=&#8221;white&#8221;][vc_separator][vc_column_text] VERSION AVEC TUYAU D\u2019ALIMENTATION [\/vc_column_text][vc_separator][\/vc_column][vc_column width=&#8221;3\/4&#8243;][vc_single_image image=&#8221;42524&#8243; img_size=&#8221;2000X1000&#8243;][\/vc_column][\/vc_row][vc_row css=&#8221;.vc_custom_1732188358502{background-image: url(https:\/\/iaber.it\/wp-content\/uploads\/2024\/11\/sfondo-tecnico-2.png?id=40116) !important;background-position: center !important;background-repeat: no-repeat !important;background-size: contain !important;}&#8221;][vc_column width=&#8221;1\/6&#8243;][\/vc_column][vc_column width=&#8221;2\/3&#8243;][vc_column_text] [\/vc_column_text][\/vc_column][vc_column width=&#8221;1\/6&#8243;][\/vc_column][\/vc_row][vc_row][vc_column][vc_separator][\/vc_column][\/vc_row][vc_row][vc_column][vc_column_text] Seringue v\u00e9t\u00e9rinaire innovante avec poign\u00e9e ergonomique pour une utilisation confortable et s\u00e9curis\u00e9e. \u00c9quip\u00e9e d\u2019un porte-flacon avec syst\u00e8me de&hellip;<\/p>\n","protected":false},"author":3,"featured_media":0,"parent":0,"menu_order":0,"comment_status":"closed","ping_status":"closed","template":"","meta":{"inline_featured_image":false,"footnotes":""},"class_list":["post-42533","page","type-page","status-publish","hentry","description-off"],"yoast_head":"<!-- This site is optimized with the Yoast SEO plugin v25.9 - https:\/\/yoast.com\/wordpress\/plugins\/seo\/ -->\n<title>Smartmatik &#8211; Iaber innovation<\/title>\n<meta name=\"robots\" content=\"index, follow, max-snippet:-1, max-image-preview:large, max-video-preview:-1\" \/>\n<link rel=\"canonical\" href=\"https:\/\/iaber.it\/fr\/smartmatik\/\" \/>\n<meta property=\"og:locale\" content=\"fr_FR\" \/>\n<meta property=\"og:type\" content=\"article\" \/>\n<meta property=\"og:title\" content=\"Smartmatik &#8211; Iaber innovation\" \/>\n<meta property=\"og:description\" content=\"[vc_row css=&#8221;.vc_custom_1758100940703{background-image: url(https:\/\/iaber.it\/wp-content\/uploads\/2024\/11\/sfondo-tecnico-2.png?id=40116) !important;background-position: center !important;background-repeat: no-repeat !important;background-size: contain !important;}&#8221;][vc_column width=&#8221;1\/4&#8243;][vc_separator][vc_column_text] VERSION AVEC PORTE-FLACON [\/vc_column_text][vc_separator color=&#8221;white&#8221;][vc_separator][vc_column_text] VERSION AVEC TUYAU D\u2019ALIMENTATION [\/vc_column_text][vc_separator][\/vc_column][vc_column width=&#8221;3\/4&#8243;][vc_single_image image=&#8221;42524&#8243; img_size=&#8221;2000X1000&#8243;][\/vc_column][\/vc_row][vc_row css=&#8221;.vc_custom_1732188358502{background-image: url(https:\/\/iaber.it\/wp-content\/uploads\/2024\/11\/sfondo-tecnico-2.png?id=40116) !important;background-position: center !important;background-repeat: no-repeat !important;background-size: contain !important;}&#8221;][vc_column width=&#8221;1\/6&#8243;][\/vc_column][vc_column width=&#8221;2\/3&#8243;][vc_column_text] [\/vc_column_text][\/vc_column][vc_column width=&#8221;1\/6&#8243;][\/vc_column][\/vc_row][vc_row][vc_column][vc_separator][\/vc_column][\/vc_row][vc_row][vc_column][vc_column_text] Seringue v\u00e9t\u00e9rinaire innovante avec poign\u00e9e ergonomique pour une utilisation confortable et s\u00e9curis\u00e9e. \u00c9quip\u00e9e d\u2019un porte-flacon avec syst\u00e8me de&hellip;\" \/>\n<meta property=\"og:url\" content=\"https:\/\/iaber.it\/fr\/smartmatik\/\" \/>\n<meta property=\"og:site_name\" content=\"Iaber innovation\" \/>\n<meta property=\"article:modified_time\" content=\"2025-09-17T09:29:43+00:00\" \/>\n<meta name=\"twitter:card\" content=\"summary_large_image\" \/>\n<meta name=\"twitter:label1\" content=\"Dur\u00e9e de lecture estim\u00e9e\" \/>\n\t<meta name=\"twitter:data1\" content=\"3 minutes\" \/>\n<!-- \/ Yoast SEO plugin. -->","yoast_head_json":{"title":"Smartmatik &#8211; Iaber innovation","robots":{"index":"index","follow":"follow","max-snippet":"max-snippet:-1","max-image-preview":"max-image-preview:large","max-video-preview":"max-video-preview:-1"},"canonical":"https:\/\/iaber.it\/fr\/smartmatik\/","og_locale":"fr_FR","og_type":"article","og_title":"Smartmatik &#8211; Iaber innovation","og_description":"[vc_row css=&#8221;.vc_custom_1758100940703{background-image: url(https:\/\/iaber.it\/wp-content\/uploads\/2024\/11\/sfondo-tecnico-2.png?id=40116) !important;background-position: center !important;background-repeat: no-repeat !important;background-size: contain !important;}&#8221;][vc_column width=&#8221;1\/4&#8243;][vc_separator][vc_column_text] VERSION AVEC PORTE-FLACON [\/vc_column_text][vc_separator color=&#8221;white&#8221;][vc_separator][vc_column_text] VERSION AVEC TUYAU D\u2019ALIMENTATION [\/vc_column_text][vc_separator][\/vc_column][vc_column width=&#8221;3\/4&#8243;][vc_single_image image=&#8221;42524&#8243; img_size=&#8221;2000X1000&#8243;][\/vc_column][\/vc_row][vc_row css=&#8221;.vc_custom_1732188358502{background-image: url(https:\/\/iaber.it\/wp-content\/uploads\/2024\/11\/sfondo-tecnico-2.png?id=40116) !important;background-position: center !important;background-repeat: no-repeat !important;background-size: contain !important;}&#8221;][vc_column width=&#8221;1\/6&#8243;][\/vc_column][vc_column width=&#8221;2\/3&#8243;][vc_column_text] [\/vc_column_text][\/vc_column][vc_column width=&#8221;1\/6&#8243;][\/vc_column][\/vc_row][vc_row][vc_column][vc_separator][\/vc_column][\/vc_row][vc_row][vc_column][vc_column_text] Seringue v\u00e9t\u00e9rinaire innovante avec poign\u00e9e ergonomique pour une utilisation confortable et s\u00e9curis\u00e9e. \u00c9quip\u00e9e d\u2019un porte-flacon avec syst\u00e8me de&hellip;","og_url":"https:\/\/iaber.it\/fr\/smartmatik\/","og_site_name":"Iaber innovation","article_modified_time":"2025-09-17T09:29:43+00:00","twitter_card":"summary_large_image","twitter_misc":{"Dur\u00e9e de lecture estim\u00e9e":"3 minutes"},"schema":{"@context":"https:\/\/schema.org","@graph":[{"@type":"WebPage","@id":"https:\/\/iaber.it\/fr\/smartmatik\/","url":"https:\/\/iaber.it\/fr\/smartmatik\/","name":"Smartmatik &#8211; Iaber innovation","isPartOf":{"@id":"https:\/\/iaber.it\/#website"},"datePublished":"2024-11-29T16:44:23+00:00","dateModified":"2025-09-17T09:29:43+00:00","breadcrumb":{"@id":"https:\/\/iaber.it\/fr\/smartmatik\/#breadcrumb"},"inLanguage":"fr-FR","potentialAction":[{"@type":"ReadAction","target":["https:\/\/iaber.it\/fr\/smartmatik\/"]}]},{"@type":"BreadcrumbList","@id":"https:\/\/iaber.it\/fr\/smartmatik\/#breadcrumb","itemListElement":[{"@type":"ListItem","position":1,"name":"Home","item":"https:\/\/iaber.it\/fr\/"},{"@type":"ListItem","position":2,"name":"Smartmatik"}]},{"@type":"WebSite","@id":"https:\/\/iaber.it\/#website","url":"https:\/\/iaber.it\/","name":"Iaber.it - Attrezzature veterinarie e zootecniche","description":"Attrezzature veterinarie e zootecniche","publisher":{"@id":"https:\/\/iaber.it\/#organization"},"alternateName":"Iaber","potentialAction":[{"@type":"SearchAction","target":{"@type":"EntryPoint","urlTemplate":"https:\/\/iaber.it\/?s={search_term_string}"},"query-input":{"@type":"PropertyValueSpecification","valueRequired":true,"valueName":"search_term_string"}}],"inLanguage":"fr-FR"},{"@type":"Organization","@id":"https:\/\/iaber.it\/#organization","name":"Iaber innovation","alternateName":"Iaber","url":"https:\/\/iaber.it\/","logo":{"@type":"ImageObject","inLanguage":"fr-FR","@id":"https:\/\/iaber.it\/#\/schema\/logo\/image\/","url":"https:\/\/iaber.it\/wp-content\/uploads\/2022\/11\/logo.svg","contentUrl":"https:\/\/iaber.it\/wp-content\/uploads\/2022\/11\/logo.svg","width":"1024","height":"1024","caption":"Iaber innovation"},"image":{"@id":"https:\/\/iaber.it\/#\/schema\/logo\/image\/"}}]}},"jetpack_sharing_enabled":true,"_links":{"self":[{"href":"https:\/\/iaber.it\/fr\/wp-json\/wp\/v2\/pages\/42533","targetHints":{"allow":["GET"]}}],"collection":[{"href":"https:\/\/iaber.it\/fr\/wp-json\/wp\/v2\/pages"}],"about":[{"href":"https:\/\/iaber.it\/fr\/wp-json\/wp\/v2\/types\/page"}],"author":[{"embeddable":true,"href":"https:\/\/iaber.it\/fr\/wp-json\/wp\/v2\/users\/3"}],"replies":[{"embeddable":true,"href":"https:\/\/iaber.it\/fr\/wp-json\/wp\/v2\/comments?post=42533"}],"version-history":[{"count":3,"href":"https:\/\/iaber.it\/fr\/wp-json\/wp\/v2\/pages\/42533\/revisions"}],"predecessor-version":[{"id":42537,"href":"https:\/\/iaber.it\/fr\/wp-json\/wp\/v2\/pages\/42533\/revisions\/42537"}],"wp:attachment":[{"href":"https:\/\/iaber.it\/fr\/wp-json\/wp\/v2\/media?parent=42533"}],"curies":[{"name":"wp","href":"https:\/\/api.w.org\/{rel}","templated":true}]}}