{"id":44838,"date":"2026-04-30T09:52:00","date_gmt":"2026-04-30T07:52:00","guid":{"rendered":"https:\/\/iaber.it\/?page_id=44838"},"modified":"2026-04-30T10:25:16","modified_gmt":"2026-04-30T08:25:16","slug":"pompe-pour-estomac-bovin","status":"publish","type":"page","link":"https:\/\/iaber.it\/fr\/pompe-pour-estomac-bovin\/","title":{"rendered":"POMPE POUR ESTOMAC BOVIN"},"content":{"rendered":"<p>[vc_row full_height=&#8221;yes&#8221; columns_placement=&#8221;top&#8221; css=&#8221;.vc_custom_1771572051686{background-image: url(https:\/\/iaber.it\/wp-content\/uploads\/2024\/11\/sfondo-tecnico-2.png?id=40116) !important;}&#8221;][vc_column width=&#8221;2\/3&#8243;][vc_row_inner][vc_column_inner width=&#8221;5\/6&#8243;][\/vc_column_inner][vc_column_inner width=&#8221;1\/6&#8243;][vc_single_image image=&#8221;44840&#8243; alignment=&#8221;right&#8221; css_animation=&#8221;slideInRight&#8221;][\/vc_column_inner][\/vc_row_inner][vc_single_image image=&#8221;43253&#8243; img_size=&#8221;large&#8221; add_caption=&#8221;yes&#8221; alignment=&#8221;center&#8221; css_animation=&#8221;slideInUp&#8221;][vc_single_image image=&#8221;44846&#8243; img_size=&#8221;large&#8221; css_animation=&#8221;slideInUp&#8221;][vc_single_image image=&#8221;44850&#8243; img_size=&#8221;large&#8221; css_animation=&#8221;slideInUp&#8221;][vc_single_image image=&#8221;44843&#8243; img_size=&#8221;large&#8221; css_animation=&#8221;slideInUp&#8221;][vc_column_text]Notre pompe orale pour bovins est con\u00e7ue pour l\u2019administration contr\u00f4l\u00e9e de grandes quantit\u00e9s de liquides par voie orale, dans le domaine v\u00e9t\u00e9rinaire et zootechnique.<\/p>\n<p>Con\u00e7ue pour une utilisation sur les bovins adultes et les jeunes sujets, elle garantit pr\u00e9cision, s\u00e9curit\u00e9 et rapidit\u00e9 d\u2019utilisation, m\u00eame dans les exploitations de grande taille.<\/p>\n<hr data-start=\"1078\" data-end=\"1081\" \/>\n<h2 data-start=\"1083\" data-end=\"1124\"><\/h2>\n<h2 data-start=\"1083\" data-end=\"1124\"><\/h2>\n<h3 data-start=\"1126\" data-end=\"1161\">\u2714 <strong>Haute capacit\u00e9 de distribution<\/strong><\/h3>\n<p>Con\u00e7ue pour g\u00e9rer de grands volumes de liquide en peu de temps, r\u00e9duisant le stress de l\u2019animal et de l\u2019op\u00e9rateur.<\/p>\n<h3 data-start=\"1280\" data-end=\"1308\">\u2714 <strong>Contr\u00f4le du d\u00e9bit<\/strong><\/h3>\n<p data-start=\"1309\" data-end=\"1393\">Syst\u00e8me de distribution stable et continu pour une administration s\u00fbre et uniforme.<\/p>\n<h3 data-start=\"1395\" data-end=\"1420\">\u2714 <strong>Structure robuste<\/strong><\/h3>\n<p data-start=\"1421\" data-end=\"1481\">Mat\u00e9riaux r\u00e9sistants et durables dans le temps.<\/p>\n<h3 data-start=\"1615\" data-end=\"1646\">\u2714 <strong>Ergonomie professionnelle<\/strong><\/h3>\n<p>Poign\u00e9e et syst\u00e8me de pompage con\u00e7us pour r\u00e9duire la fatigue.<\/p>\n<hr data-start=\"1736\" data-end=\"1739\" \/>\n<h2 data-start=\"1741\" data-end=\"1767\"><\/h2>\n<h3 data-start=\"1741\" data-end=\"1767\"><strong>Applications principales<\/strong><\/h3>\n<ul>\n<li>D\u00e9shydratation aigu\u00eb<\/li>\n<li>Acidoc\u00e9tose et d\u00e9s\u00e9quilibres m\u00e9taboliques<\/li>\n<li>Soutien post-op\u00e9ratoire<\/li>\n<li>D\u00e9lai de r\u00e9tablissement apr\u00e8s stress de mise bas<\/li>\n<\/ul>\n<hr data-start=\"2380\" data-end=\"2383\" \/>\n<h2 data-start=\"2385\" data-end=\"2426\"><\/h2>\n<h3><strong>Sp\u00e9cifications techniques<\/strong><\/h3>\n<ul data-start=\"2477\" data-end=\"2633\">\n<li data-start=\"2500\" data-end=\"2518\">Mat\u00e9riau : Acier inoxydable<\/li>\n<li data-start=\"2500\" data-end=\"2518\">Longueur du tube extenseur en silicone : 220 cm<\/li>\n<li data-start=\"2500\" data-end=\"2518\">Longueur de la canule en m\u00e9tal : 135 cm<\/li>\n<li data-start=\"2500\" data-end=\"2518\">Valve anti-retour : Oui<\/li>\n<li data-start=\"2500\" data-end=\"2518\">Compatibilit\u00e9 : Solutions aqueuses et compl\u00e9ments liquides<\/li>\n<\/ul>\n<hr data-start=\"2635\" data-end=\"2638\" \/>\n<p>[\/vc_column_text][\/vc_column][vc_column width=&#8221;1\/3&#8243;][vc_empty_space height=&#8221;45px&#8221;][vc_single_image image=&#8221;43351&#8243; img_size=&#8221;medium&#8221; alignment=&#8221;right&#8221; css_animation=&#8221;slideInRight&#8221;][vc_single_image image=&#8221;43354&#8243; img_size=&#8221;medium&#8221; alignment=&#8221;right&#8221; css_animation=&#8221;slideInRight&#8221;][vc_single_image image=&#8221;43357&#8243; img_size=&#8221;medium&#8221; alignment=&#8221;right&#8221; css_animation=&#8221;slideInRight&#8221;][vc_single_image image=&#8221;43335&#8243; img_size=&#8221;large&#8221; css_animation=&#8221;slideInRight&#8221;][vc_btn title=&#8221;POUR PLUS DE D\u00c9TAILS&#8221; style=&#8221;3d&#8221; color=&#8221;blue&#8221; align=&#8221;center&#8221; css_animation=&#8221;slideInUp&#8221; link=&#8221;url:https%3A%2F%2Fiaber.it%2Ffr%2Fprodotto%2Fpompe-pour-estomac-en-inox-bovini-completa-378-cm-full-inox%2F|title:pompa%20stomaco&#8221;][vc_btn title=&#8221;FEUILLE DE CARAT\u00c9RISTIQUES&#8221; style=&#8221;3d&#8221; color=&#8221;green&#8221; align=&#8221;center&#8221; css_animation=&#8221;slideInUp&#8221; link=&#8221;url:https%3A%2F%2Fiaber.it%2Ffr%2Fprodotto%2Fpompe-pour-estomac-en-inox-bovini-completa-378-cm-full-inox%2F|title:pompa%20stomaco&#8221;][\/vc_column][vc_column][\/vc_column][\/vc_row]<\/p>\n","protected":false},"excerpt":{"rendered":"<p>[vc_row full_height=&#8221;yes&#8221; columns_placement=&#8221;top&#8221; css=&#8221;.vc_custom_1771572051686{background-image: url(https:\/\/iaber.it\/wp-content\/uploads\/2024\/11\/sfondo-tecnico-2.png?id=40116) !important;}&#8221;][vc_column width=&#8221;2\/3&#8243;][vc_row_inner][vc_column_inner width=&#8221;5\/6&#8243;][\/vc_column_inner][vc_column_inner width=&#8221;1\/6&#8243;][vc_single_image image=&#8221;44840&#8243; alignment=&#8221;right&#8221; css_animation=&#8221;slideInRight&#8221;][\/vc_column_inner][\/vc_row_inner][vc_single_image image=&#8221;43253&#8243; img_size=&#8221;large&#8221; add_caption=&#8221;yes&#8221; alignment=&#8221;center&#8221; css_animation=&#8221;slideInUp&#8221;][vc_single_image image=&#8221;44846&#8243; img_size=&#8221;large&#8221; css_animation=&#8221;slideInUp&#8221;][vc_single_image image=&#8221;44850&#8243; img_size=&#8221;large&#8221; css_animation=&#8221;slideInUp&#8221;][vc_single_image image=&#8221;44843&#8243; img_size=&#8221;large&#8221; css_animation=&#8221;slideInUp&#8221;][vc_column_text]Notre pompe orale pour bovins est con\u00e7ue pour l\u2019administration contr\u00f4l\u00e9e de grandes quantit\u00e9s de liquides par voie orale, dans le domaine v\u00e9t\u00e9rinaire et zootechnique. Con\u00e7ue pour une utilisation sur les&hellip;<\/p>\n","protected":false},"author":10,"featured_media":0,"parent":0,"menu_order":0,"comment_status":"closed","ping_status":"closed","template":"","meta":{"inline_featured_image":false,"footnotes":""},"class_list":["post-44838","page","type-page","status-publish","hentry","description-off"],"yoast_head":"<!-- This site is optimized with the Yoast SEO plugin v25.9 - https:\/\/yoast.com\/wordpress\/plugins\/seo\/ -->\n<title>POMPE POUR ESTOMAC BOVIN &#8211; Iaber innovation<\/title>\n<meta name=\"robots\" content=\"index, follow, max-snippet:-1, max-image-preview:large, max-video-preview:-1\" \/>\n<link rel=\"canonical\" href=\"https:\/\/iaber.it\/fr\/pompe-pour-estomac-bovin\/\" \/>\n<meta property=\"og:locale\" content=\"fr_FR\" \/>\n<meta property=\"og:type\" content=\"article\" \/>\n<meta property=\"og:title\" content=\"POMPE POUR ESTOMAC BOVIN &#8211; Iaber innovation\" \/>\n<meta property=\"og:description\" content=\"[vc_row full_height=&#8221;yes&#8221; columns_placement=&#8221;top&#8221; css=&#8221;.vc_custom_1771572051686{background-image: url(https:\/\/iaber.it\/wp-content\/uploads\/2024\/11\/sfondo-tecnico-2.png?id=40116) !important;}&#8221;][vc_column width=&#8221;2\/3&#8243;][vc_row_inner][vc_column_inner width=&#8221;5\/6&#8243;][\/vc_column_inner][vc_column_inner width=&#8221;1\/6&#8243;][vc_single_image image=&#8221;44840&#8243; alignment=&#8221;right&#8221; css_animation=&#8221;slideInRight&#8221;][\/vc_column_inner][\/vc_row_inner][vc_single_image image=&#8221;43253&#8243; img_size=&#8221;large&#8221; add_caption=&#8221;yes&#8221; alignment=&#8221;center&#8221; css_animation=&#8221;slideInUp&#8221;][vc_single_image image=&#8221;44846&#8243; img_size=&#8221;large&#8221; css_animation=&#8221;slideInUp&#8221;][vc_single_image image=&#8221;44850&#8243; img_size=&#8221;large&#8221; css_animation=&#8221;slideInUp&#8221;][vc_single_image image=&#8221;44843&#8243; img_size=&#8221;large&#8221; css_animation=&#8221;slideInUp&#8221;][vc_column_text]Notre pompe orale pour bovins est con\u00e7ue pour l\u2019administration contr\u00f4l\u00e9e de grandes quantit\u00e9s de liquides par voie orale, dans le domaine v\u00e9t\u00e9rinaire et zootechnique. Con\u00e7ue pour une utilisation sur les&hellip;\" \/>\n<meta property=\"og:url\" content=\"https:\/\/iaber.it\/fr\/pompe-pour-estomac-bovin\/\" \/>\n<meta property=\"og:site_name\" content=\"Iaber innovation\" \/>\n<meta property=\"article:modified_time\" content=\"2026-04-30T08:25:16+00:00\" \/>\n<meta name=\"twitter:card\" content=\"summary_large_image\" \/>\n<meta name=\"twitter:label1\" content=\"Dur\u00e9e de lecture estim\u00e9e\" \/>\n\t<meta name=\"twitter:data1\" content=\"3 minutes\" \/>\n<!-- \/ Yoast SEO plugin. -->","yoast_head_json":{"title":"POMPE POUR ESTOMAC BOVIN &#8211; Iaber innovation","robots":{"index":"index","follow":"follow","max-snippet":"max-snippet:-1","max-image-preview":"max-image-preview:large","max-video-preview":"max-video-preview:-1"},"canonical":"https:\/\/iaber.it\/fr\/pompe-pour-estomac-bovin\/","og_locale":"fr_FR","og_type":"article","og_title":"POMPE POUR ESTOMAC BOVIN &#8211; Iaber innovation","og_description":"[vc_row full_height=&#8221;yes&#8221; columns_placement=&#8221;top&#8221; css=&#8221;.vc_custom_1771572051686{background-image: url(https:\/\/iaber.it\/wp-content\/uploads\/2024\/11\/sfondo-tecnico-2.png?id=40116) !important;}&#8221;][vc_column width=&#8221;2\/3&#8243;][vc_row_inner][vc_column_inner width=&#8221;5\/6&#8243;][\/vc_column_inner][vc_column_inner width=&#8221;1\/6&#8243;][vc_single_image image=&#8221;44840&#8243; alignment=&#8221;right&#8221; css_animation=&#8221;slideInRight&#8221;][\/vc_column_inner][\/vc_row_inner][vc_single_image image=&#8221;43253&#8243; img_size=&#8221;large&#8221; add_caption=&#8221;yes&#8221; alignment=&#8221;center&#8221; css_animation=&#8221;slideInUp&#8221;][vc_single_image image=&#8221;44846&#8243; img_size=&#8221;large&#8221; css_animation=&#8221;slideInUp&#8221;][vc_single_image image=&#8221;44850&#8243; img_size=&#8221;large&#8221; css_animation=&#8221;slideInUp&#8221;][vc_single_image image=&#8221;44843&#8243; img_size=&#8221;large&#8221; css_animation=&#8221;slideInUp&#8221;][vc_column_text]Notre pompe orale pour bovins est con\u00e7ue pour l\u2019administration contr\u00f4l\u00e9e de grandes quantit\u00e9s de liquides par voie orale, dans le domaine v\u00e9t\u00e9rinaire et zootechnique. Con\u00e7ue pour une utilisation sur les&hellip;","og_url":"https:\/\/iaber.it\/fr\/pompe-pour-estomac-bovin\/","og_site_name":"Iaber innovation","article_modified_time":"2026-04-30T08:25:16+00:00","twitter_card":"summary_large_image","twitter_misc":{"Dur\u00e9e de lecture estim\u00e9e":"3 minutes"},"schema":{"@context":"https:\/\/schema.org","@graph":[{"@type":"WebPage","@id":"https:\/\/iaber.it\/fr\/pompe-pour-estomac-bovin\/","url":"https:\/\/iaber.it\/fr\/pompe-pour-estomac-bovin\/","name":"POMPE POUR ESTOMAC BOVIN &#8211; Iaber innovation","isPartOf":{"@id":"https:\/\/iaber.it\/#website"},"datePublished":"2026-04-30T07:52:00+00:00","dateModified":"2026-04-30T08:25:16+00:00","breadcrumb":{"@id":"https:\/\/iaber.it\/fr\/pompe-pour-estomac-bovin\/#breadcrumb"},"inLanguage":"fr-FR","potentialAction":[{"@type":"ReadAction","target":["https:\/\/iaber.it\/fr\/pompe-pour-estomac-bovin\/"]}]},{"@type":"BreadcrumbList","@id":"https:\/\/iaber.it\/fr\/pompe-pour-estomac-bovin\/#breadcrumb","itemListElement":[{"@type":"ListItem","position":1,"name":"Home","item":"https:\/\/iaber.it\/fr\/"},{"@type":"ListItem","position":2,"name":"POMPE POUR ESTOMAC BOVIN"}]},{"@type":"WebSite","@id":"https:\/\/iaber.it\/#website","url":"https:\/\/iaber.it\/","name":"Iaber.it - Attrezzature veterinarie e zootecniche","description":"Attrezzature veterinarie e zootecniche","publisher":{"@id":"https:\/\/iaber.it\/#organization"},"alternateName":"Iaber","potentialAction":[{"@type":"SearchAction","target":{"@type":"EntryPoint","urlTemplate":"https:\/\/iaber.it\/?s={search_term_string}"},"query-input":{"@type":"PropertyValueSpecification","valueRequired":true,"valueName":"search_term_string"}}],"inLanguage":"fr-FR"},{"@type":"Organization","@id":"https:\/\/iaber.it\/#organization","name":"Iaber innovation","alternateName":"Iaber","url":"https:\/\/iaber.it\/","logo":{"@type":"ImageObject","inLanguage":"fr-FR","@id":"https:\/\/iaber.it\/#\/schema\/logo\/image\/","url":"https:\/\/iaber.it\/wp-content\/uploads\/2022\/11\/logo.svg","contentUrl":"https:\/\/iaber.it\/wp-content\/uploads\/2022\/11\/logo.svg","width":"1024","height":"1024","caption":"Iaber innovation"},"image":{"@id":"https:\/\/iaber.it\/#\/schema\/logo\/image\/"}}]}},"jetpack_sharing_enabled":true,"_links":{"self":[{"href":"https:\/\/iaber.it\/fr\/wp-json\/wp\/v2\/pages\/44838","targetHints":{"allow":["GET"]}}],"collection":[{"href":"https:\/\/iaber.it\/fr\/wp-json\/wp\/v2\/pages"}],"about":[{"href":"https:\/\/iaber.it\/fr\/wp-json\/wp\/v2\/types\/page"}],"author":[{"embeddable":true,"href":"https:\/\/iaber.it\/fr\/wp-json\/wp\/v2\/users\/10"}],"replies":[{"embeddable":true,"href":"https:\/\/iaber.it\/fr\/wp-json\/wp\/v2\/comments?post=44838"}],"version-history":[{"count":5,"href":"https:\/\/iaber.it\/fr\/wp-json\/wp\/v2\/pages\/44838\/revisions"}],"predecessor-version":[{"id":44860,"href":"https:\/\/iaber.it\/fr\/wp-json\/wp\/v2\/pages\/44838\/revisions\/44860"}],"wp:attachment":[{"href":"https:\/\/iaber.it\/fr\/wp-json\/wp\/v2\/media?parent=44838"}],"curies":[{"name":"wp","href":"https:\/\/api.w.org\/{rel}","templated":true}]}}