{"id":18788,"date":"2023-05-08T17:11:33","date_gmt":"2023-05-08T15:11:33","guid":{"rendered":"https:\/\/iaber.it\/prodotto\/boucle-pour-ovins-et-caprins-tip-top-iaber-non-numerote-50-pcs\/"},"modified":"2023-07-31T14:25:04","modified_gmt":"2023-07-31T12:25:04","slug":"boucle-pour-ovins-et-caprins-tip-top-iaber-non-numerote-50-pcs","status":"publish","type":"product","link":"https:\/\/iaber.it\/fr\/prodotto\/boucle-pour-ovins-et-caprins-tip-top-iaber-non-numerote-50-pcs\/","title":{"rendered":"BOUCLE POUR OVINS ET CAPRINS TIP TOP IABER NON NUM\u00c9ROT\u00c9 (50 PCS)"},"content":{"rendered":"","protected":false},"excerpt":{"rendered":"<p>-Mesures: 35&#215;13 mm avec pointe en plastique<\/p>\n<p>-Boite de 50 unit\u00e9s<\/p>\n<p>-Mati\u00e8re: Plastique<\/p>\n<p>-Couleurs disponibles: jaune, orange, blanc, vert, bleu, rouge<\/p>\n<p>Les boucles pour ovins et caprins TIP TOP \u201cIABER\u201d sont un produit de premi\u00e8re qualit\u00e9, ideal pour l\u2019identification des ovins et caprins. La boite contient 50 boucles non numerot\u00e9s, en polyurethane thermoplastique en toute s\u00fbret\u00e9 pour les animaux.<\/p>\n<p>La couleur des boucles ne se d\u00e9colore pas. Ce permit une plus facile identification du b\u00e9tail.<\/p>\n<p>Les boucles sont compatibles avec la pluspart des applicateurs d\u2019oreilles disponibles.<\/p>\n","protected":false},"featured_media":2632,"comment_status":"closed","ping_status":"closed","template":"","meta":{"inline_featured_image":false},"product_brand":[1647],"product_cat":[905,907,924],"product_tag":[],"class_list":{"0":"post-18788","1":"product","2":"type-product","3":"status-publish","4":"has-post-thumbnail","6":"product_brand-iaber-fr","7":"product_cat-identification-fr","8":"product_cat-marquage-auriculaire","9":"product_cat-ovi-caprins","10":"description-off","12":"first","13":"instock","14":"shipping-taxable","15":"product-type-variable"},"yoast_head":"<!-- This site is optimized with the Yoast SEO plugin v25.9 - https:\/\/yoast.com\/wordpress\/plugins\/seo\/ -->\n<title>BOUCLE POUR OVINS ET CAPRINS TIP TOP IABER NON NUM\u00c9ROT\u00c9 (50 PCS) &#8211; Iaber innovation<\/title>\n<meta name=\"robots\" content=\"index, follow, max-snippet:-1, max-image-preview:large, max-video-preview:-1\" \/>\n<link rel=\"canonical\" href=\"https:\/\/iaber.it\/fr\/prodotto\/boucle-pour-ovins-et-caprins-tip-top-iaber-non-numerote-50-pcs\/\" \/>\n<meta property=\"og:locale\" content=\"fr_FR\" \/>\n<meta property=\"og:type\" content=\"article\" \/>\n<meta property=\"og:title\" content=\"BOUCLE POUR OVINS ET CAPRINS TIP TOP IABER NON NUM\u00c9ROT\u00c9 (50 PCS) &#8211; Iaber innovation\" \/>\n<meta property=\"og:description\" content=\"-Mesures: 35x13 mm avec pointe en plastique  -Boite de 50 unit\u00e9s  -Mati\u00e8re: Plastique  -Couleurs disponibles: jaune, orange, blanc, vert, bleu, rouge  Les boucles pour ovins et caprins TIP TOP \u201cIABER\u201d sont un produit de premi\u00e8re qualit\u00e9, ideal pour l\u2019identification des ovins et caprins. La boite contient 50 boucles non numerot\u00e9s, en polyurethane thermoplastique en toute s\u00fbret\u00e9 pour les animaux.  La couleur des boucles ne se d\u00e9colore pas. Ce permit une plus facile identification du b\u00e9tail.  Les boucles sont compatibles avec la pluspart des applicateurs d\u2019oreilles disponibles.\" \/>\n<meta property=\"og:url\" content=\"https:\/\/iaber.it\/fr\/prodotto\/boucle-pour-ovins-et-caprins-tip-top-iaber-non-numerote-50-pcs\/\" \/>\n<meta property=\"og:site_name\" content=\"Iaber innovation\" \/>\n<meta property=\"article:modified_time\" content=\"2023-07-31T12:25:04+00:00\" \/>\n<meta property=\"og:image\" content=\"https:\/\/iaber.it\/wp-content\/uploads\/2023\/04\/01.01.0080.jpg\" \/>\n\t<meta property=\"og:image:width\" content=\"1200\" \/>\n\t<meta property=\"og:image:height\" content=\"1200\" \/>\n\t<meta property=\"og:image:type\" content=\"image\/jpeg\" \/>\n<meta name=\"twitter:card\" content=\"summary_large_image\" \/>\n<!-- \/ Yoast SEO plugin. -->","yoast_head_json":{"title":"BOUCLE POUR OVINS ET CAPRINS TIP TOP IABER NON NUM\u00c9ROT\u00c9 (50 PCS) &#8211; Iaber innovation","robots":{"index":"index","follow":"follow","max-snippet":"max-snippet:-1","max-image-preview":"max-image-preview:large","max-video-preview":"max-video-preview:-1"},"canonical":"https:\/\/iaber.it\/fr\/prodotto\/boucle-pour-ovins-et-caprins-tip-top-iaber-non-numerote-50-pcs\/","og_locale":"fr_FR","og_type":"article","og_title":"BOUCLE POUR OVINS ET CAPRINS TIP TOP IABER NON NUM\u00c9ROT\u00c9 (50 PCS) &#8211; Iaber innovation","og_description":"-Mesures: 35x13 mm avec pointe en plastique  -Boite de 50 unit\u00e9s  -Mati\u00e8re: Plastique  -Couleurs disponibles: jaune, orange, blanc, vert, bleu, rouge  Les boucles pour ovins et caprins TIP TOP \u201cIABER\u201d sont un produit de premi\u00e8re qualit\u00e9, ideal pour l\u2019identification des ovins et caprins. La boite contient 50 boucles non numerot\u00e9s, en polyurethane thermoplastique en toute s\u00fbret\u00e9 pour les animaux.  La couleur des boucles ne se d\u00e9colore pas. Ce permit une plus facile identification du b\u00e9tail.  Les boucles sont compatibles avec la pluspart des applicateurs d\u2019oreilles disponibles.","og_url":"https:\/\/iaber.it\/fr\/prodotto\/boucle-pour-ovins-et-caprins-tip-top-iaber-non-numerote-50-pcs\/","og_site_name":"Iaber innovation","article_modified_time":"2023-07-31T12:25:04+00:00","og_image":[{"width":1200,"height":1200,"url":"https:\/\/iaber.it\/wp-content\/uploads\/2023\/04\/01.01.0080.jpg","type":"image\/jpeg"}],"twitter_card":"summary_large_image","schema":{"@context":"https:\/\/schema.org","@graph":[{"@type":"WebPage","@id":"https:\/\/iaber.it\/fr\/prodotto\/boucle-pour-ovins-et-caprins-tip-top-iaber-non-numerote-50-pcs\/","url":"https:\/\/iaber.it\/fr\/prodotto\/boucle-pour-ovins-et-caprins-tip-top-iaber-non-numerote-50-pcs\/","name":"BOUCLE POUR OVINS ET CAPRINS TIP TOP IABER NON NUM\u00c9ROT\u00c9 (50 PCS) &#8211; Iaber innovation","isPartOf":{"@id":"https:\/\/iaber.it\/#website"},"primaryImageOfPage":{"@id":"https:\/\/iaber.it\/fr\/prodotto\/boucle-pour-ovins-et-caprins-tip-top-iaber-non-numerote-50-pcs\/#primaryimage"},"image":{"@id":"https:\/\/iaber.it\/fr\/prodotto\/boucle-pour-ovins-et-caprins-tip-top-iaber-non-numerote-50-pcs\/#primaryimage"},"thumbnailUrl":"https:\/\/iaber.it\/wp-content\/uploads\/2023\/04\/01.01.0080.jpg","datePublished":"2023-05-08T15:11:33+00:00","dateModified":"2023-07-31T12:25:04+00:00","breadcrumb":{"@id":"https:\/\/iaber.it\/fr\/prodotto\/boucle-pour-ovins-et-caprins-tip-top-iaber-non-numerote-50-pcs\/#breadcrumb"},"inLanguage":"fr-FR","potentialAction":[{"@type":"ReadAction","target":["https:\/\/iaber.it\/fr\/prodotto\/boucle-pour-ovins-et-caprins-tip-top-iaber-non-numerote-50-pcs\/"]}]},{"@type":"ImageObject","inLanguage":"fr-FR","@id":"https:\/\/iaber.it\/fr\/prodotto\/boucle-pour-ovins-et-caprins-tip-top-iaber-non-numerote-50-pcs\/#primaryimage","url":"https:\/\/iaber.it\/wp-content\/uploads\/2023\/04\/01.01.0080.jpg","contentUrl":"https:\/\/iaber.it\/wp-content\/uploads\/2023\/04\/01.01.0080.jpg","width":1200,"height":1200},{"@type":"BreadcrumbList","@id":"https:\/\/iaber.it\/fr\/prodotto\/boucle-pour-ovins-et-caprins-tip-top-iaber-non-numerote-50-pcs\/#breadcrumb","itemListElement":[{"@type":"ListItem","position":1,"name":"Home","item":"https:\/\/iaber.it\/fr\/"},{"@type":"ListItem","position":2,"name":"Produits","item":"https:\/\/iaber.it\/fr\/produits\/"},{"@type":"ListItem","position":3,"name":"BOUCLE POUR OVINS ET CAPRINS TIP TOP IABER NON NUM\u00c9ROT\u00c9 (50 PCS)"}]},{"@type":"WebSite","@id":"https:\/\/iaber.it\/#website","url":"https:\/\/iaber.it\/","name":"Iaber.it - Attrezzature veterinarie e zootecniche","description":"Attrezzature veterinarie e zootecniche","publisher":{"@id":"https:\/\/iaber.it\/#organization"},"alternateName":"Iaber","potentialAction":[{"@type":"SearchAction","target":{"@type":"EntryPoint","urlTemplate":"https:\/\/iaber.it\/?s={search_term_string}"},"query-input":{"@type":"PropertyValueSpecification","valueRequired":true,"valueName":"search_term_string"}}],"inLanguage":"fr-FR"},{"@type":"Organization","@id":"https:\/\/iaber.it\/#organization","name":"Iaber innovation","alternateName":"Iaber","url":"https:\/\/iaber.it\/","logo":{"@type":"ImageObject","inLanguage":"fr-FR","@id":"https:\/\/iaber.it\/#\/schema\/logo\/image\/","url":"https:\/\/iaber.it\/wp-content\/uploads\/2022\/11\/logo.svg","contentUrl":"https:\/\/iaber.it\/wp-content\/uploads\/2022\/11\/logo.svg","width":"1024","height":"1024","caption":"Iaber innovation"},"image":{"@id":"https:\/\/iaber.it\/#\/schema\/logo\/image\/"}}]}},"jetpack_sharing_enabled":true,"_links":{"self":[{"href":"https:\/\/iaber.it\/fr\/wp-json\/wp\/v2\/product\/18788","targetHints":{"allow":["GET"]}}],"collection":[{"href":"https:\/\/iaber.it\/fr\/wp-json\/wp\/v2\/product"}],"about":[{"href":"https:\/\/iaber.it\/fr\/wp-json\/wp\/v2\/types\/product"}],"replies":[{"embeddable":true,"href":"https:\/\/iaber.it\/fr\/wp-json\/wp\/v2\/comments?post=18788"}],"wp:featuredmedia":[{"embeddable":true,"href":"https:\/\/iaber.it\/fr\/wp-json\/wp\/v2\/media\/2632"}],"wp:attachment":[{"href":"https:\/\/iaber.it\/fr\/wp-json\/wp\/v2\/media?parent=18788"}],"wp:term":[{"taxonomy":"product_brand","embeddable":true,"href":"https:\/\/iaber.it\/fr\/wp-json\/wp\/v2\/product_brand?post=18788"},{"taxonomy":"product_cat","embeddable":true,"href":"https:\/\/iaber.it\/fr\/wp-json\/wp\/v2\/product_cat?post=18788"},{"taxonomy":"product_tag","embeddable":true,"href":"https:\/\/iaber.it\/fr\/wp-json\/wp\/v2\/product_tag?post=18788"}],"curies":[{"name":"wp","href":"https:\/\/api.w.org\/{rel}","templated":true}]}}