{"id":19396,"date":"2023-05-08T17:15:52","date_gmt":"2023-05-08T15:15:52","guid":{"rendered":"https:\/\/iaber.it\/prodotto\/seringue-automatique-serena-avec-porte-flacon-posterieur-penche-45-usage-veterinaire\/"},"modified":"2025-04-28T09:04:02","modified_gmt":"2025-04-28T07:04:02","slug":"seringue-automatique-serena-avec-porte-flacon-posterieur-penche-45","status":"publish","type":"product","link":"https:\/\/iaber.it\/fr\/prodotto\/seringue-automatique-serena-avec-porte-flacon-posterieur-penche-45\/","title":{"rendered":"SERINGUE AUTOMATIQUE &#8220;SERENA&#8221; AVEC PORTE-FLACON POST\u00c9RIEUR PENCH\u00c9 45\u00b0"},"content":{"rendered":"","protected":false},"excerpt":{"rendered":"<p>SERINGUE AUTOMATIQUE 5 OU 12 ML \u00c0 DOSAGE R\u00c9GLABLE AVEC PORTE-FLACON ARRI\u00c8RE PENCH\u00c9 45\u00b0. USAGE V\u00c9T\u00c9RINAIRE. FABRIQU\u00c9E EN ITALIE<\/p>\n","protected":false},"featured_media":2938,"comment_status":"closed","ping_status":"closed","template":"","meta":{"inline_featured_image":false},"product_brand":[1649],"product_cat":[1474,942,901,902,933,924],"product_tag":[],"class_list":{"0":"post-19396","1":"product","2":"type-product","3":"status-publish","4":"has-post-thumbnail","6":"product_brand-serena-fr","7":"product_cat-seringues-veterinaires","8":"product_cat-seringues-automatiques","9":"product_cat-bovins-engraissement","10":"product_cat-vaches-laitieres","11":"product_cat-porcins","12":"product_cat-ovi-caprins","13":"description-off","15":"first","16":"instock","17":"shipping-taxable","18":"product-type-variable"},"yoast_head":"<!-- This site is optimized with the Yoast SEO plugin v25.9 - https:\/\/yoast.com\/wordpress\/plugins\/seo\/ -->\n<title>SERINGUE AUTOMATIQUE &quot;SERENA&quot; AVEC PORTE-FLACON POST\u00c9RIEUR PENCH\u00c9 45\u00b0 &#8211; Iaber innovation<\/title>\n<meta name=\"robots\" content=\"index, follow, max-snippet:-1, max-image-preview:large, max-video-preview:-1\" \/>\n<link rel=\"canonical\" href=\"https:\/\/iaber.it\/fr\/prodotto\/seringue-automatique-serena-avec-porte-flacon-posterieur-penche-45\/\" \/>\n<meta property=\"og:locale\" content=\"fr_FR\" \/>\n<meta property=\"og:type\" content=\"article\" \/>\n<meta property=\"og:title\" content=\"SERINGUE AUTOMATIQUE &quot;SERENA&quot; AVEC PORTE-FLACON POST\u00c9RIEUR PENCH\u00c9 45\u00b0 &#8211; Iaber innovation\" \/>\n<meta property=\"og:description\" content=\"SERINGUE AUTOMATIQUE 5 OU 12 ML \u00c0 DOSAGE R\u00c9GLABLE AVEC PORTE-FLACON ARRI\u00c8RE PENCH\u00c9 45\u00b0. USAGE V\u00c9T\u00c9RINAIRE. FABRIQU\u00c9E EN ITALIE\" \/>\n<meta property=\"og:url\" content=\"https:\/\/iaber.it\/fr\/prodotto\/seringue-automatique-serena-avec-porte-flacon-posterieur-penche-45\/\" \/>\n<meta property=\"og:site_name\" content=\"Iaber innovation\" \/>\n<meta property=\"article:modified_time\" content=\"2025-04-28T07:04:02+00:00\" \/>\n<meta property=\"og:image\" content=\"https:\/\/iaber.it\/wp-content\/uploads\/2023\/04\/02.01.3348.jpg\" \/>\n\t<meta property=\"og:image:width\" content=\"1200\" \/>\n\t<meta property=\"og:image:height\" content=\"1200\" \/>\n\t<meta property=\"og:image:type\" content=\"image\/jpeg\" \/>\n<meta name=\"twitter:card\" content=\"summary_large_image\" \/>\n<meta name=\"twitter:label1\" content=\"Dur\u00e9e de lecture estim\u00e9e\" \/>\n\t<meta name=\"twitter:data1\" content=\"1 minute\" \/>\n<!-- \/ Yoast SEO plugin. -->","yoast_head_json":{"title":"SERINGUE AUTOMATIQUE \"SERENA\" AVEC PORTE-FLACON POST\u00c9RIEUR PENCH\u00c9 45\u00b0 &#8211; Iaber innovation","robots":{"index":"index","follow":"follow","max-snippet":"max-snippet:-1","max-image-preview":"max-image-preview:large","max-video-preview":"max-video-preview:-1"},"canonical":"https:\/\/iaber.it\/fr\/prodotto\/seringue-automatique-serena-avec-porte-flacon-posterieur-penche-45\/","og_locale":"fr_FR","og_type":"article","og_title":"SERINGUE AUTOMATIQUE \"SERENA\" AVEC PORTE-FLACON POST\u00c9RIEUR PENCH\u00c9 45\u00b0 &#8211; Iaber innovation","og_description":"SERINGUE AUTOMATIQUE 5 OU 12 ML \u00c0 DOSAGE R\u00c9GLABLE AVEC PORTE-FLACON ARRI\u00c8RE PENCH\u00c9 45\u00b0. USAGE V\u00c9T\u00c9RINAIRE. FABRIQU\u00c9E EN ITALIE","og_url":"https:\/\/iaber.it\/fr\/prodotto\/seringue-automatique-serena-avec-porte-flacon-posterieur-penche-45\/","og_site_name":"Iaber innovation","article_modified_time":"2025-04-28T07:04:02+00:00","og_image":[{"width":1200,"height":1200,"url":"https:\/\/iaber.it\/wp-content\/uploads\/2023\/04\/02.01.3348.jpg","type":"image\/jpeg"}],"twitter_card":"summary_large_image","twitter_misc":{"Dur\u00e9e de lecture estim\u00e9e":"1 minute"},"schema":{"@context":"https:\/\/schema.org","@graph":[{"@type":"WebPage","@id":"https:\/\/iaber.it\/fr\/prodotto\/seringue-automatique-serena-avec-porte-flacon-posterieur-penche-45\/","url":"https:\/\/iaber.it\/fr\/prodotto\/seringue-automatique-serena-avec-porte-flacon-posterieur-penche-45\/","name":"SERINGUE AUTOMATIQUE \"SERENA\" AVEC PORTE-FLACON POST\u00c9RIEUR PENCH\u00c9 45\u00b0 &#8211; Iaber innovation","isPartOf":{"@id":"https:\/\/iaber.it\/#website"},"primaryImageOfPage":{"@id":"https:\/\/iaber.it\/fr\/prodotto\/seringue-automatique-serena-avec-porte-flacon-posterieur-penche-45\/#primaryimage"},"image":{"@id":"https:\/\/iaber.it\/fr\/prodotto\/seringue-automatique-serena-avec-porte-flacon-posterieur-penche-45\/#primaryimage"},"thumbnailUrl":"https:\/\/iaber.it\/wp-content\/uploads\/2023\/04\/02.01.3348.jpg","datePublished":"2023-05-08T15:15:52+00:00","dateModified":"2025-04-28T07:04:02+00:00","breadcrumb":{"@id":"https:\/\/iaber.it\/fr\/prodotto\/seringue-automatique-serena-avec-porte-flacon-posterieur-penche-45\/#breadcrumb"},"inLanguage":"fr-FR","potentialAction":[{"@type":"ReadAction","target":["https:\/\/iaber.it\/fr\/prodotto\/seringue-automatique-serena-avec-porte-flacon-posterieur-penche-45\/"]}]},{"@type":"ImageObject","inLanguage":"fr-FR","@id":"https:\/\/iaber.it\/fr\/prodotto\/seringue-automatique-serena-avec-porte-flacon-posterieur-penche-45\/#primaryimage","url":"https:\/\/iaber.it\/wp-content\/uploads\/2023\/04\/02.01.3348.jpg","contentUrl":"https:\/\/iaber.it\/wp-content\/uploads\/2023\/04\/02.01.3348.jpg","width":1200,"height":1200},{"@type":"BreadcrumbList","@id":"https:\/\/iaber.it\/fr\/prodotto\/seringue-automatique-serena-avec-porte-flacon-posterieur-penche-45\/#breadcrumb","itemListElement":[{"@type":"ListItem","position":1,"name":"Home","item":"https:\/\/iaber.it\/fr\/"},{"@type":"ListItem","position":2,"name":"Produits","item":"https:\/\/iaber.it\/fr\/produits\/"},{"@type":"ListItem","position":3,"name":"SERINGUE AUTOMATIQUE &#8220;SERENA&#8221; AVEC PORTE-FLACON POST\u00c9RIEUR PENCH\u00c9 45\u00b0"}]},{"@type":"WebSite","@id":"https:\/\/iaber.it\/#website","url":"https:\/\/iaber.it\/","name":"Iaber.it - Attrezzature veterinarie e zootecniche","description":"Attrezzature veterinarie e zootecniche","publisher":{"@id":"https:\/\/iaber.it\/#organization"},"alternateName":"Iaber","potentialAction":[{"@type":"SearchAction","target":{"@type":"EntryPoint","urlTemplate":"https:\/\/iaber.it\/?s={search_term_string}"},"query-input":{"@type":"PropertyValueSpecification","valueRequired":true,"valueName":"search_term_string"}}],"inLanguage":"fr-FR"},{"@type":"Organization","@id":"https:\/\/iaber.it\/#organization","name":"Iaber innovation","alternateName":"Iaber","url":"https:\/\/iaber.it\/","logo":{"@type":"ImageObject","inLanguage":"fr-FR","@id":"https:\/\/iaber.it\/#\/schema\/logo\/image\/","url":"https:\/\/iaber.it\/wp-content\/uploads\/2022\/11\/logo.svg","contentUrl":"https:\/\/iaber.it\/wp-content\/uploads\/2022\/11\/logo.svg","width":"1024","height":"1024","caption":"Iaber innovation"},"image":{"@id":"https:\/\/iaber.it\/#\/schema\/logo\/image\/"}}]}},"jetpack_sharing_enabled":true,"_links":{"self":[{"href":"https:\/\/iaber.it\/fr\/wp-json\/wp\/v2\/product\/19396","targetHints":{"allow":["GET"]}}],"collection":[{"href":"https:\/\/iaber.it\/fr\/wp-json\/wp\/v2\/product"}],"about":[{"href":"https:\/\/iaber.it\/fr\/wp-json\/wp\/v2\/types\/product"}],"replies":[{"embeddable":true,"href":"https:\/\/iaber.it\/fr\/wp-json\/wp\/v2\/comments?post=19396"}],"wp:featuredmedia":[{"embeddable":true,"href":"https:\/\/iaber.it\/fr\/wp-json\/wp\/v2\/media\/2938"}],"wp:attachment":[{"href":"https:\/\/iaber.it\/fr\/wp-json\/wp\/v2\/media?parent=19396"}],"wp:term":[{"taxonomy":"product_brand","embeddable":true,"href":"https:\/\/iaber.it\/fr\/wp-json\/wp\/v2\/product_brand?post=19396"},{"taxonomy":"product_cat","embeddable":true,"href":"https:\/\/iaber.it\/fr\/wp-json\/wp\/v2\/product_cat?post=19396"},{"taxonomy":"product_tag","embeddable":true,"href":"https:\/\/iaber.it\/fr\/wp-json\/wp\/v2\/product_tag?post=19396"}],"curies":[{"name":"wp","href":"https:\/\/api.w.org\/{rel}","templated":true}]}}