{"id":19405,"date":"2023-05-08T17:16:19","date_gmt":"2023-05-08T15:16:19","guid":{"rendered":"https:\/\/iaber.it\/prodotto\/seringue-serena-pour-verole-aviaire-3-ml-usage-veterinaire\/"},"modified":"2025-04-28T08:59:16","modified_gmt":"2025-04-28T06:59:16","slug":"seringue-serena-pour-variole-aviaire-3-ml-usage-veterinaire","status":"publish","type":"product","link":"https:\/\/iaber.it\/fr\/prodotto\/seringue-serena-pour-variole-aviaire-3-ml-usage-veterinaire\/","title":{"rendered":"SERINGUE &#8220;SERENA&#8221; POUR VARIOLE AVIAIRE 3 ML"},"content":{"rendered":"<p>Des pi\u00e8ces de rechange<\/p>\n<table style=\"height: 85px;\" width=\"663\">\n<tbody>\n<tr>\n<td width=\"121\">02.01.3351<\/td>\n<td width=\"657\">RECHANGES SERINGUE \u201cSERENA\u201d POUR VARIOLE AVIAIRE 3 ML<\/td>\n<\/tr>\n<tr>\n<td>02.01.3353<\/td>\n<td>RECHANGE CYLINDRE SERINGUE AUTOMATIQUE SERENA POUR VARIOLE AVIAIRE<\/td>\n<\/tr>\n<tr>\n<td>02.01.3358<\/td>\n<td>RECHANGE POIGN\u00c9E SERINGUE \u201cSERENA\u201d V\u00c9ROLE AVIAIRE 3 ML<\/td>\n<\/tr>\n<\/tbody>\n<\/table>\n","protected":false},"excerpt":{"rendered":"<p>SERINGUE 3 ML \u00c0 AIGUILLE AMOVIBLE POUR VARIOLE AVIAIRE.<br \/>\nUSAGE V\u00c9T\u00c9RINAIRE.<br \/>\nFABRIQU\u00c9E EN ITALIE<\/p>\n","protected":false},"featured_media":2941,"comment_status":"closed","ping_status":"closed","template":"","meta":{"inline_featured_image":false},"product_brand":[1649],"product_cat":[1474,942,900],"product_tag":[],"class_list":{"0":"post-19405","1":"product","2":"type-product","3":"status-publish","4":"has-post-thumbnail","6":"product_brand-serena-fr","7":"product_cat-seringues-veterinaires","8":"product_cat-seringues-automatiques","9":"product_cat-volaille","10":"description-off","12":"first","13":"instock","14":"shipping-taxable","15":"product-type-simple"},"yoast_head":"<!-- This site is optimized with the Yoast SEO plugin v25.9 - https:\/\/yoast.com\/wordpress\/plugins\/seo\/ -->\n<title>SERINGUE &quot;SERENA&quot; POUR VARIOLE AVIAIRE 3 ML &#8211; Iaber innovation<\/title>\n<meta name=\"robots\" content=\"index, follow, max-snippet:-1, max-image-preview:large, max-video-preview:-1\" \/>\n<link rel=\"canonical\" href=\"https:\/\/iaber.it\/fr\/prodotto\/seringue-serena-pour-variole-aviaire-3-ml-usage-veterinaire\/\" \/>\n<meta property=\"og:locale\" content=\"fr_FR\" \/>\n<meta property=\"og:type\" content=\"article\" \/>\n<meta property=\"og:title\" content=\"SERINGUE &quot;SERENA&quot; POUR VARIOLE AVIAIRE 3 ML &#8211; Iaber innovation\" \/>\n<meta property=\"og:description\" content=\"SERINGUE 3 ML \u00c0 AIGUILLE AMOVIBLE POUR VARIOLE AVIAIRE. USAGE V\u00c9T\u00c9RINAIRE. FABRIQU\u00c9E EN ITALIE\" \/>\n<meta property=\"og:url\" content=\"https:\/\/iaber.it\/fr\/prodotto\/seringue-serena-pour-variole-aviaire-3-ml-usage-veterinaire\/\" \/>\n<meta property=\"og:site_name\" content=\"Iaber innovation\" \/>\n<meta property=\"article:modified_time\" content=\"2025-04-28T06:59:16+00:00\" \/>\n<meta property=\"og:image\" content=\"https:\/\/iaber.it\/wp-content\/uploads\/2023\/04\/02.01.3350.jpg\" \/>\n\t<meta property=\"og:image:width\" content=\"1200\" \/>\n\t<meta property=\"og:image:height\" content=\"1200\" \/>\n\t<meta property=\"og:image:type\" content=\"image\/jpeg\" \/>\n<meta name=\"twitter:card\" content=\"summary_large_image\" \/>\n<meta name=\"twitter:label1\" content=\"Dur\u00e9e de lecture estim\u00e9e\" \/>\n\t<meta name=\"twitter:data1\" content=\"1 minute\" \/>\n<!-- \/ Yoast SEO plugin. -->","yoast_head_json":{"title":"SERINGUE \"SERENA\" POUR VARIOLE AVIAIRE 3 ML &#8211; Iaber innovation","robots":{"index":"index","follow":"follow","max-snippet":"max-snippet:-1","max-image-preview":"max-image-preview:large","max-video-preview":"max-video-preview:-1"},"canonical":"https:\/\/iaber.it\/fr\/prodotto\/seringue-serena-pour-variole-aviaire-3-ml-usage-veterinaire\/","og_locale":"fr_FR","og_type":"article","og_title":"SERINGUE \"SERENA\" POUR VARIOLE AVIAIRE 3 ML &#8211; Iaber innovation","og_description":"SERINGUE 3 ML \u00c0 AIGUILLE AMOVIBLE POUR VARIOLE AVIAIRE. USAGE V\u00c9T\u00c9RINAIRE. FABRIQU\u00c9E EN ITALIE","og_url":"https:\/\/iaber.it\/fr\/prodotto\/seringue-serena-pour-variole-aviaire-3-ml-usage-veterinaire\/","og_site_name":"Iaber innovation","article_modified_time":"2025-04-28T06:59:16+00:00","og_image":[{"width":1200,"height":1200,"url":"https:\/\/iaber.it\/wp-content\/uploads\/2023\/04\/02.01.3350.jpg","type":"image\/jpeg"}],"twitter_card":"summary_large_image","twitter_misc":{"Dur\u00e9e de lecture estim\u00e9e":"1 minute"},"schema":{"@context":"https:\/\/schema.org","@graph":[{"@type":"WebPage","@id":"https:\/\/iaber.it\/fr\/prodotto\/seringue-serena-pour-variole-aviaire-3-ml-usage-veterinaire\/","url":"https:\/\/iaber.it\/fr\/prodotto\/seringue-serena-pour-variole-aviaire-3-ml-usage-veterinaire\/","name":"SERINGUE \"SERENA\" POUR VARIOLE AVIAIRE 3 ML &#8211; Iaber innovation","isPartOf":{"@id":"https:\/\/iaber.it\/#website"},"primaryImageOfPage":{"@id":"https:\/\/iaber.it\/fr\/prodotto\/seringue-serena-pour-variole-aviaire-3-ml-usage-veterinaire\/#primaryimage"},"image":{"@id":"https:\/\/iaber.it\/fr\/prodotto\/seringue-serena-pour-variole-aviaire-3-ml-usage-veterinaire\/#primaryimage"},"thumbnailUrl":"https:\/\/iaber.it\/wp-content\/uploads\/2023\/04\/02.01.3350.jpg","datePublished":"2023-05-08T15:16:19+00:00","dateModified":"2025-04-28T06:59:16+00:00","breadcrumb":{"@id":"https:\/\/iaber.it\/fr\/prodotto\/seringue-serena-pour-variole-aviaire-3-ml-usage-veterinaire\/#breadcrumb"},"inLanguage":"fr-FR","potentialAction":[{"@type":"ReadAction","target":["https:\/\/iaber.it\/fr\/prodotto\/seringue-serena-pour-variole-aviaire-3-ml-usage-veterinaire\/"]}]},{"@type":"ImageObject","inLanguage":"fr-FR","@id":"https:\/\/iaber.it\/fr\/prodotto\/seringue-serena-pour-variole-aviaire-3-ml-usage-veterinaire\/#primaryimage","url":"https:\/\/iaber.it\/wp-content\/uploads\/2023\/04\/02.01.3350.jpg","contentUrl":"https:\/\/iaber.it\/wp-content\/uploads\/2023\/04\/02.01.3350.jpg","width":1200,"height":1200},{"@type":"BreadcrumbList","@id":"https:\/\/iaber.it\/fr\/prodotto\/seringue-serena-pour-variole-aviaire-3-ml-usage-veterinaire\/#breadcrumb","itemListElement":[{"@type":"ListItem","position":1,"name":"Home","item":"https:\/\/iaber.it\/fr\/"},{"@type":"ListItem","position":2,"name":"Produits","item":"https:\/\/iaber.it\/fr\/produits\/"},{"@type":"ListItem","position":3,"name":"SERINGUE &#8220;SERENA&#8221; POUR VARIOLE AVIAIRE 3 ML"}]},{"@type":"WebSite","@id":"https:\/\/iaber.it\/#website","url":"https:\/\/iaber.it\/","name":"Iaber.it - Attrezzature veterinarie e zootecniche","description":"Attrezzature veterinarie e zootecniche","publisher":{"@id":"https:\/\/iaber.it\/#organization"},"alternateName":"Iaber","potentialAction":[{"@type":"SearchAction","target":{"@type":"EntryPoint","urlTemplate":"https:\/\/iaber.it\/?s={search_term_string}"},"query-input":{"@type":"PropertyValueSpecification","valueRequired":true,"valueName":"search_term_string"}}],"inLanguage":"fr-FR"},{"@type":"Organization","@id":"https:\/\/iaber.it\/#organization","name":"Iaber innovation","alternateName":"Iaber","url":"https:\/\/iaber.it\/","logo":{"@type":"ImageObject","inLanguage":"fr-FR","@id":"https:\/\/iaber.it\/#\/schema\/logo\/image\/","url":"https:\/\/iaber.it\/wp-content\/uploads\/2022\/11\/logo.svg","contentUrl":"https:\/\/iaber.it\/wp-content\/uploads\/2022\/11\/logo.svg","width":"1024","height":"1024","caption":"Iaber innovation"},"image":{"@id":"https:\/\/iaber.it\/#\/schema\/logo\/image\/"}}]}},"jetpack_sharing_enabled":true,"_links":{"self":[{"href":"https:\/\/iaber.it\/fr\/wp-json\/wp\/v2\/product\/19405","targetHints":{"allow":["GET"]}}],"collection":[{"href":"https:\/\/iaber.it\/fr\/wp-json\/wp\/v2\/product"}],"about":[{"href":"https:\/\/iaber.it\/fr\/wp-json\/wp\/v2\/types\/product"}],"replies":[{"embeddable":true,"href":"https:\/\/iaber.it\/fr\/wp-json\/wp\/v2\/comments?post=19405"}],"wp:featuredmedia":[{"embeddable":true,"href":"https:\/\/iaber.it\/fr\/wp-json\/wp\/v2\/media\/2941"}],"wp:attachment":[{"href":"https:\/\/iaber.it\/fr\/wp-json\/wp\/v2\/media?parent=19405"}],"wp:term":[{"taxonomy":"product_brand","embeddable":true,"href":"https:\/\/iaber.it\/fr\/wp-json\/wp\/v2\/product_brand?post=19405"},{"taxonomy":"product_cat","embeddable":true,"href":"https:\/\/iaber.it\/fr\/wp-json\/wp\/v2\/product_cat?post=19405"},{"taxonomy":"product_tag","embeddable":true,"href":"https:\/\/iaber.it\/fr\/wp-json\/wp\/v2\/product_tag?post=19405"}],"curies":[{"name":"wp","href":"https:\/\/api.w.org\/{rel}","templated":true}]}}