{"id":19898,"date":"2023-05-08T17:20:37","date_gmt":"2023-05-08T15:20:37","guid":{"rendered":"https:\/\/iaber.it\/prodotto\/couteau-a-sabots-avec-poignee-ergonomique-en-bois-et-lame-courbee-modele-the-knife\/"},"modified":"2023-05-10T18:07:27","modified_gmt":"2023-05-10T16:07:27","slug":"couteau-a-sabots-avec-poignee-ergonomique-en-bois-et-lame-courbee-modele-the-knife","status":"publish","type":"product","link":"https:\/\/iaber.it\/fr\/prodotto\/couteau-a-sabots-avec-poignee-ergonomique-en-bois-et-lame-courbee-modele-the-knife\/","title":{"rendered":"COUTEAU \u00c0 SABOTS AVEC POIGN\u00c9E ERGONOMIQUE EN BOIS ET LAME COURB\u00c9E MOD\u00c8LE &#8220;THE KNIFE&#8221;"},"content":{"rendered":"","protected":false},"excerpt":{"rendered":"","protected":false},"featured_media":3244,"comment_status":"closed","ping_status":"closed","template":"","meta":{"inline_featured_image":false},"product_brand":[1647],"product_cat":[898,1988,901,902,903],"product_tag":[],"class_list":{"0":"post-19898","1":"product","2":"type-product","3":"status-publish","4":"has-post-thumbnail","6":"product_brand-iaber-fr","7":"product_cat-soin-des-sabots","8":"product_cat-couteaux","9":"product_cat-bovins-engraissement","10":"product_cat-vaches-laitieres","11":"product_cat-equins","12":"description-off","14":"first","15":"instock","16":"shipping-taxable","17":"product-type-variable"},"yoast_head":"<!-- This site is optimized with the Yoast SEO plugin v25.9 - https:\/\/yoast.com\/wordpress\/plugins\/seo\/ -->\n<title>COUTEAU \u00c0 SABOTS AVEC POIGN\u00c9E ERGONOMIQUE EN BOIS ET LAME COURB\u00c9E MOD\u00c8LE &quot;THE KNIFE&quot; &#8211; Iaber innovation<\/title>\n<meta name=\"robots\" content=\"index, follow, max-snippet:-1, max-image-preview:large, max-video-preview:-1\" \/>\n<link rel=\"canonical\" href=\"https:\/\/iaber.it\/fr\/prodotto\/couteau-a-sabots-avec-poignee-ergonomique-en-bois-et-lame-courbee-modele-the-knife\/\" \/>\n<meta property=\"og:locale\" content=\"fr_FR\" \/>\n<meta property=\"og:type\" content=\"article\" \/>\n<meta property=\"og:title\" content=\"COUTEAU \u00c0 SABOTS AVEC POIGN\u00c9E ERGONOMIQUE EN BOIS ET LAME COURB\u00c9E MOD\u00c8LE &quot;THE KNIFE&quot; &#8211; Iaber innovation\" \/>\n<meta property=\"og:url\" content=\"https:\/\/iaber.it\/fr\/prodotto\/couteau-a-sabots-avec-poignee-ergonomique-en-bois-et-lame-courbee-modele-the-knife\/\" \/>\n<meta property=\"og:site_name\" content=\"Iaber innovation\" \/>\n<meta property=\"article:modified_time\" content=\"2023-05-10T16:07:27+00:00\" \/>\n<meta property=\"og:image\" content=\"https:\/\/iaber.it\/wp-content\/uploads\/2023\/04\/03.02.0010.jpg\" \/>\n\t<meta property=\"og:image:width\" content=\"1200\" \/>\n\t<meta property=\"og:image:height\" content=\"1200\" \/>\n\t<meta property=\"og:image:type\" content=\"image\/jpeg\" \/>\n<meta name=\"twitter:card\" content=\"summary_large_image\" \/>\n<!-- \/ Yoast SEO plugin. -->","yoast_head_json":{"title":"COUTEAU \u00c0 SABOTS AVEC POIGN\u00c9E ERGONOMIQUE EN BOIS ET LAME COURB\u00c9E MOD\u00c8LE \"THE KNIFE\" &#8211; Iaber innovation","robots":{"index":"index","follow":"follow","max-snippet":"max-snippet:-1","max-image-preview":"max-image-preview:large","max-video-preview":"max-video-preview:-1"},"canonical":"https:\/\/iaber.it\/fr\/prodotto\/couteau-a-sabots-avec-poignee-ergonomique-en-bois-et-lame-courbee-modele-the-knife\/","og_locale":"fr_FR","og_type":"article","og_title":"COUTEAU \u00c0 SABOTS AVEC POIGN\u00c9E ERGONOMIQUE EN BOIS ET LAME COURB\u00c9E MOD\u00c8LE \"THE KNIFE\" &#8211; Iaber innovation","og_url":"https:\/\/iaber.it\/fr\/prodotto\/couteau-a-sabots-avec-poignee-ergonomique-en-bois-et-lame-courbee-modele-the-knife\/","og_site_name":"Iaber innovation","article_modified_time":"2023-05-10T16:07:27+00:00","og_image":[{"width":1200,"height":1200,"url":"https:\/\/iaber.it\/wp-content\/uploads\/2023\/04\/03.02.0010.jpg","type":"image\/jpeg"}],"twitter_card":"summary_large_image","schema":{"@context":"https:\/\/schema.org","@graph":[{"@type":"WebPage","@id":"https:\/\/iaber.it\/fr\/prodotto\/couteau-a-sabots-avec-poignee-ergonomique-en-bois-et-lame-courbee-modele-the-knife\/","url":"https:\/\/iaber.it\/fr\/prodotto\/couteau-a-sabots-avec-poignee-ergonomique-en-bois-et-lame-courbee-modele-the-knife\/","name":"COUTEAU \u00c0 SABOTS AVEC POIGN\u00c9E ERGONOMIQUE EN BOIS ET LAME COURB\u00c9E MOD\u00c8LE \"THE KNIFE\" &#8211; Iaber innovation","isPartOf":{"@id":"https:\/\/iaber.it\/#website"},"primaryImageOfPage":{"@id":"https:\/\/iaber.it\/fr\/prodotto\/couteau-a-sabots-avec-poignee-ergonomique-en-bois-et-lame-courbee-modele-the-knife\/#primaryimage"},"image":{"@id":"https:\/\/iaber.it\/fr\/prodotto\/couteau-a-sabots-avec-poignee-ergonomique-en-bois-et-lame-courbee-modele-the-knife\/#primaryimage"},"thumbnailUrl":"https:\/\/iaber.it\/wp-content\/uploads\/2023\/04\/03.02.0010.jpg","datePublished":"2023-05-08T15:20:37+00:00","dateModified":"2023-05-10T16:07:27+00:00","breadcrumb":{"@id":"https:\/\/iaber.it\/fr\/prodotto\/couteau-a-sabots-avec-poignee-ergonomique-en-bois-et-lame-courbee-modele-the-knife\/#breadcrumb"},"inLanguage":"fr-FR","potentialAction":[{"@type":"ReadAction","target":["https:\/\/iaber.it\/fr\/prodotto\/couteau-a-sabots-avec-poignee-ergonomique-en-bois-et-lame-courbee-modele-the-knife\/"]}]},{"@type":"ImageObject","inLanguage":"fr-FR","@id":"https:\/\/iaber.it\/fr\/prodotto\/couteau-a-sabots-avec-poignee-ergonomique-en-bois-et-lame-courbee-modele-the-knife\/#primaryimage","url":"https:\/\/iaber.it\/wp-content\/uploads\/2023\/04\/03.02.0010.jpg","contentUrl":"https:\/\/iaber.it\/wp-content\/uploads\/2023\/04\/03.02.0010.jpg","width":1200,"height":1200},{"@type":"BreadcrumbList","@id":"https:\/\/iaber.it\/fr\/prodotto\/couteau-a-sabots-avec-poignee-ergonomique-en-bois-et-lame-courbee-modele-the-knife\/#breadcrumb","itemListElement":[{"@type":"ListItem","position":1,"name":"Home","item":"https:\/\/iaber.it\/fr\/"},{"@type":"ListItem","position":2,"name":"Produits","item":"https:\/\/iaber.it\/fr\/produits\/"},{"@type":"ListItem","position":3,"name":"COUTEAU \u00c0 SABOTS AVEC POIGN\u00c9E ERGONOMIQUE EN BOIS ET LAME COURB\u00c9E MOD\u00c8LE &#8220;THE KNIFE&#8221;"}]},{"@type":"WebSite","@id":"https:\/\/iaber.it\/#website","url":"https:\/\/iaber.it\/","name":"Iaber.it - Attrezzature veterinarie e zootecniche","description":"Attrezzature veterinarie e zootecniche","publisher":{"@id":"https:\/\/iaber.it\/#organization"},"alternateName":"Iaber","potentialAction":[{"@type":"SearchAction","target":{"@type":"EntryPoint","urlTemplate":"https:\/\/iaber.it\/?s={search_term_string}"},"query-input":{"@type":"PropertyValueSpecification","valueRequired":true,"valueName":"search_term_string"}}],"inLanguage":"fr-FR"},{"@type":"Organization","@id":"https:\/\/iaber.it\/#organization","name":"Iaber innovation","alternateName":"Iaber","url":"https:\/\/iaber.it\/","logo":{"@type":"ImageObject","inLanguage":"fr-FR","@id":"https:\/\/iaber.it\/#\/schema\/logo\/image\/","url":"https:\/\/iaber.it\/wp-content\/uploads\/2022\/11\/logo.svg","contentUrl":"https:\/\/iaber.it\/wp-content\/uploads\/2022\/11\/logo.svg","width":"1024","height":"1024","caption":"Iaber innovation"},"image":{"@id":"https:\/\/iaber.it\/#\/schema\/logo\/image\/"}}]}},"jetpack_sharing_enabled":true,"_links":{"self":[{"href":"https:\/\/iaber.it\/fr\/wp-json\/wp\/v2\/product\/19898","targetHints":{"allow":["GET"]}}],"collection":[{"href":"https:\/\/iaber.it\/fr\/wp-json\/wp\/v2\/product"}],"about":[{"href":"https:\/\/iaber.it\/fr\/wp-json\/wp\/v2\/types\/product"}],"replies":[{"embeddable":true,"href":"https:\/\/iaber.it\/fr\/wp-json\/wp\/v2\/comments?post=19898"}],"wp:featuredmedia":[{"embeddable":true,"href":"https:\/\/iaber.it\/fr\/wp-json\/wp\/v2\/media\/3244"}],"wp:attachment":[{"href":"https:\/\/iaber.it\/fr\/wp-json\/wp\/v2\/media?parent=19898"}],"wp:term":[{"taxonomy":"product_brand","embeddable":true,"href":"https:\/\/iaber.it\/fr\/wp-json\/wp\/v2\/product_brand?post=19898"},{"taxonomy":"product_cat","embeddable":true,"href":"https:\/\/iaber.it\/fr\/wp-json\/wp\/v2\/product_cat?post=19898"},{"taxonomy":"product_tag","embeddable":true,"href":"https:\/\/iaber.it\/fr\/wp-json\/wp\/v2\/product_tag?post=19898"}],"curies":[{"name":"wp","href":"https:\/\/api.w.org\/{rel}","templated":true}]}}