{"id":20868,"date":"2023-05-08T17:27:34","date_gmt":"2023-05-08T15:27:34","guid":{"rendered":"https:\/\/iaber.it\/prodotto\/decongelateur-cito-12-220v\/"},"modified":"2023-05-31T11:53:06","modified_gmt":"2023-05-31T09:53:06","slug":"decongelateur-cito-12-220v","status":"publish","type":"product","link":"https:\/\/iaber.it\/fr\/prodotto\/decongelateur-cito-12-220v\/","title":{"rendered":"D\u00c9CONGELATEUR CITO 12-220V"},"content":{"rendered":"","protected":false},"excerpt":{"rendered":"<p>D\u00c9CONG\u00c9LATEUR DE PAILLETTES \u00c0 TEMP\u00c9RATURE FIXE 37 \u00b0C POUR SEMENCE BOVINE ET \u00c9QUINE.<br \/>\nIl sert \u00e0 d\u00e9congeler doucement la semence de mani\u00e8re \u00e0 emp\u00eacher un choc thermique qui l\u2019abimerait. Il est fondamental pour l\u2019ins\u00e9mination artificielle.<\/p>\n","protected":false},"featured_media":3853,"comment_status":"closed","ping_status":"closed","template":"","meta":{"inline_featured_image":false},"product_brand":[],"product_cat":[911,916,901,902],"product_tag":[],"class_list":{"0":"post-20868","1":"product","2":"type-product","3":"status-publish","4":"has-post-thumbnail","6":"product_cat-insemination-artificielle","7":"product_cat-insemination-artificielle-bovins","8":"product_cat-bovins-engraissement","9":"product_cat-vaches-laitieres","10":"description-off","12":"first","13":"instock","14":"shipping-taxable","15":"product-type-simple"},"yoast_head":"<!-- This site is optimized with the Yoast SEO plugin v25.9 - https:\/\/yoast.com\/wordpress\/plugins\/seo\/ -->\n<title>D\u00c9CONGELATEUR CITO 12-220V &#8211; Iaber innovation<\/title>\n<meta name=\"robots\" content=\"index, follow, max-snippet:-1, max-image-preview:large, max-video-preview:-1\" \/>\n<link rel=\"canonical\" href=\"https:\/\/iaber.it\/fr\/prodotto\/decongelateur-cito-12-220v\/\" \/>\n<meta property=\"og:locale\" content=\"fr_FR\" \/>\n<meta property=\"og:type\" content=\"article\" \/>\n<meta property=\"og:title\" content=\"D\u00c9CONGELATEUR CITO 12-220V &#8211; Iaber innovation\" \/>\n<meta property=\"og:description\" content=\"D\u00c9CONG\u00c9LATEUR DE PAILLETTES \u00c0 TEMP\u00c9RATURE FIXE 37 \u00b0C POUR SEMENCE BOVINE ET \u00c9QUINE. Il sert \u00e0 d\u00e9congeler doucement la semence de mani\u00e8re \u00e0 emp\u00eacher un choc thermique qui l\u2019abimerait. Il est fondamental pour l\u2019ins\u00e9mination artificielle.\" \/>\n<meta property=\"og:url\" content=\"https:\/\/iaber.it\/fr\/prodotto\/decongelateur-cito-12-220v\/\" \/>\n<meta property=\"og:site_name\" content=\"Iaber innovation\" \/>\n<meta property=\"article:modified_time\" content=\"2023-05-31T09:53:06+00:00\" \/>\n<meta property=\"og:image\" content=\"https:\/\/iaber.it\/wp-content\/uploads\/wpallimport\/files\/06.01.0735.jpg\" \/>\n\t<meta property=\"og:image:width\" content=\"1200\" \/>\n\t<meta property=\"og:image:height\" content=\"1200\" \/>\n\t<meta property=\"og:image:type\" content=\"image\/jpeg\" \/>\n<meta name=\"twitter:card\" content=\"summary_large_image\" \/>\n<!-- \/ Yoast SEO plugin. -->","yoast_head_json":{"title":"D\u00c9CONGELATEUR CITO 12-220V &#8211; Iaber innovation","robots":{"index":"index","follow":"follow","max-snippet":"max-snippet:-1","max-image-preview":"max-image-preview:large","max-video-preview":"max-video-preview:-1"},"canonical":"https:\/\/iaber.it\/fr\/prodotto\/decongelateur-cito-12-220v\/","og_locale":"fr_FR","og_type":"article","og_title":"D\u00c9CONGELATEUR CITO 12-220V &#8211; Iaber innovation","og_description":"D\u00c9CONG\u00c9LATEUR DE PAILLETTES \u00c0 TEMP\u00c9RATURE FIXE 37 \u00b0C POUR SEMENCE BOVINE ET \u00c9QUINE. Il sert \u00e0 d\u00e9congeler doucement la semence de mani\u00e8re \u00e0 emp\u00eacher un choc thermique qui l\u2019abimerait. Il est fondamental pour l\u2019ins\u00e9mination artificielle.","og_url":"https:\/\/iaber.it\/fr\/prodotto\/decongelateur-cito-12-220v\/","og_site_name":"Iaber innovation","article_modified_time":"2023-05-31T09:53:06+00:00","og_image":[{"width":1200,"height":1200,"url":"https:\/\/iaber.it\/wp-content\/uploads\/wpallimport\/files\/06.01.0735.jpg","type":"image\/jpeg"}],"twitter_card":"summary_large_image","schema":{"@context":"https:\/\/schema.org","@graph":[{"@type":"WebPage","@id":"https:\/\/iaber.it\/fr\/prodotto\/decongelateur-cito-12-220v\/","url":"https:\/\/iaber.it\/fr\/prodotto\/decongelateur-cito-12-220v\/","name":"D\u00c9CONGELATEUR CITO 12-220V &#8211; Iaber innovation","isPartOf":{"@id":"https:\/\/iaber.it\/#website"},"primaryImageOfPage":{"@id":"https:\/\/iaber.it\/fr\/prodotto\/decongelateur-cito-12-220v\/#primaryimage"},"image":{"@id":"https:\/\/iaber.it\/fr\/prodotto\/decongelateur-cito-12-220v\/#primaryimage"},"thumbnailUrl":"https:\/\/iaber.it\/wp-content\/uploads\/2023\/04\/06.01.0735.jpg","datePublished":"2023-05-08T15:27:34+00:00","dateModified":"2023-05-31T09:53:06+00:00","breadcrumb":{"@id":"https:\/\/iaber.it\/fr\/prodotto\/decongelateur-cito-12-220v\/#breadcrumb"},"inLanguage":"fr-FR","potentialAction":[{"@type":"ReadAction","target":["https:\/\/iaber.it\/fr\/prodotto\/decongelateur-cito-12-220v\/"]}]},{"@type":"ImageObject","inLanguage":"fr-FR","@id":"https:\/\/iaber.it\/fr\/prodotto\/decongelateur-cito-12-220v\/#primaryimage","url":"https:\/\/iaber.it\/wp-content\/uploads\/2023\/04\/06.01.0735.jpg","contentUrl":"https:\/\/iaber.it\/wp-content\/uploads\/2023\/04\/06.01.0735.jpg","width":1200,"height":1200},{"@type":"BreadcrumbList","@id":"https:\/\/iaber.it\/fr\/prodotto\/decongelateur-cito-12-220v\/#breadcrumb","itemListElement":[{"@type":"ListItem","position":1,"name":"Home","item":"https:\/\/iaber.it\/fr\/"},{"@type":"ListItem","position":2,"name":"Produits","item":"https:\/\/iaber.it\/fr\/produits\/"},{"@type":"ListItem","position":3,"name":"D\u00c9CONGELATEUR CITO 12-220V"}]},{"@type":"WebSite","@id":"https:\/\/iaber.it\/#website","url":"https:\/\/iaber.it\/","name":"Iaber.it - Attrezzature veterinarie e zootecniche","description":"Attrezzature veterinarie e zootecniche","publisher":{"@id":"https:\/\/iaber.it\/#organization"},"alternateName":"Iaber","potentialAction":[{"@type":"SearchAction","target":{"@type":"EntryPoint","urlTemplate":"https:\/\/iaber.it\/?s={search_term_string}"},"query-input":{"@type":"PropertyValueSpecification","valueRequired":true,"valueName":"search_term_string"}}],"inLanguage":"fr-FR"},{"@type":"Organization","@id":"https:\/\/iaber.it\/#organization","name":"Iaber innovation","alternateName":"Iaber","url":"https:\/\/iaber.it\/","logo":{"@type":"ImageObject","inLanguage":"fr-FR","@id":"https:\/\/iaber.it\/#\/schema\/logo\/image\/","url":"https:\/\/iaber.it\/wp-content\/uploads\/2022\/11\/logo.svg","contentUrl":"https:\/\/iaber.it\/wp-content\/uploads\/2022\/11\/logo.svg","width":"1024","height":"1024","caption":"Iaber innovation"},"image":{"@id":"https:\/\/iaber.it\/#\/schema\/logo\/image\/"}}]}},"jetpack_sharing_enabled":true,"_links":{"self":[{"href":"https:\/\/iaber.it\/fr\/wp-json\/wp\/v2\/product\/20868","targetHints":{"allow":["GET"]}}],"collection":[{"href":"https:\/\/iaber.it\/fr\/wp-json\/wp\/v2\/product"}],"about":[{"href":"https:\/\/iaber.it\/fr\/wp-json\/wp\/v2\/types\/product"}],"replies":[{"embeddable":true,"href":"https:\/\/iaber.it\/fr\/wp-json\/wp\/v2\/comments?post=20868"}],"wp:featuredmedia":[{"embeddable":true,"href":"https:\/\/iaber.it\/fr\/wp-json\/wp\/v2\/media\/3853"}],"wp:attachment":[{"href":"https:\/\/iaber.it\/fr\/wp-json\/wp\/v2\/media?parent=20868"}],"wp:term":[{"taxonomy":"product_brand","embeddable":true,"href":"https:\/\/iaber.it\/fr\/wp-json\/wp\/v2\/product_brand?post=20868"},{"taxonomy":"product_cat","embeddable":true,"href":"https:\/\/iaber.it\/fr\/wp-json\/wp\/v2\/product_cat?post=20868"},{"taxonomy":"product_tag","embeddable":true,"href":"https:\/\/iaber.it\/fr\/wp-json\/wp\/v2\/product_tag?post=20868"}],"curies":[{"name":"wp","href":"https:\/\/api.w.org\/{rel}","templated":true}]}}