{"id":20978,"date":"2023-05-08T17:28:07","date_gmt":"2023-05-08T15:28:07","guid":{"rendered":"https:\/\/iaber.it\/prodotto\/gants-veterinaires-avec-protection-epaule-glovetop-50-pcs\/"},"modified":"2023-05-30T14:56:54","modified_gmt":"2023-05-30T12:56:54","slug":"gants-veterinaires-avec-protection-epaule-glovetop-50-pcs","status":"publish","type":"product","link":"https:\/\/iaber.it\/fr\/prodotto\/gants-veterinaires-avec-protection-epaule-glovetop-50-pcs\/","title":{"rendered":"GANTS V\u00c9T\u00c9RINAIRES AVEC PROTECTION \u00c9PAULE &#8220;GLOVETOP&#8221; (50 PCS)"},"content":{"rendered":"","protected":false},"excerpt":{"rendered":"<p>GANTS V\u00c9T\u00c9RINAIRES AVEC PROTECTION \u00c9PAULE ET INSERTION POUR LA T\u00caTE<\/p>\n","protected":false},"featured_media":42890,"comment_status":"closed","ping_status":"closed","template":"","meta":{"inline_featured_image":false},"product_brand":[],"product_cat":[911,914,902],"product_tag":[],"class_list":{"0":"post-20978","1":"product","2":"type-product","3":"status-publish","4":"has-post-thumbnail","6":"product_cat-insemination-artificielle","7":"product_cat-gants-pour-insemination-artificielle","8":"product_cat-vaches-laitieres","9":"description-off","11":"first","12":"instock","13":"shipping-taxable","14":"product-type-simple"},"yoast_head":"<!-- This site is optimized with the Yoast SEO plugin v25.9 - https:\/\/yoast.com\/wordpress\/plugins\/seo\/ -->\n<title>GANTS V\u00c9T\u00c9RINAIRES AVEC PROTECTION \u00c9PAULE &quot;GLOVETOP&quot; (50 PCS) &#8211; Iaber innovation<\/title>\n<meta name=\"robots\" content=\"index, follow, max-snippet:-1, max-image-preview:large, max-video-preview:-1\" \/>\n<link rel=\"canonical\" href=\"https:\/\/iaber.it\/fr\/prodotto\/gants-veterinaires-avec-protection-epaule-glovetop-50-pcs\/\" \/>\n<meta property=\"og:locale\" content=\"fr_FR\" \/>\n<meta property=\"og:type\" content=\"article\" \/>\n<meta property=\"og:title\" content=\"GANTS V\u00c9T\u00c9RINAIRES AVEC PROTECTION \u00c9PAULE &quot;GLOVETOP&quot; (50 PCS) &#8211; Iaber innovation\" \/>\n<meta property=\"og:description\" content=\"GANTS V\u00c9T\u00c9RINAIRES AVEC PROTECTION \u00c9PAULE ET INSERTION POUR LA T\u00caTE\" \/>\n<meta property=\"og:url\" content=\"https:\/\/iaber.it\/fr\/prodotto\/gants-veterinaires-avec-protection-epaule-glovetop-50-pcs\/\" \/>\n<meta property=\"og:site_name\" content=\"Iaber innovation\" \/>\n<meta property=\"article:modified_time\" content=\"2023-05-30T12:56:54+00:00\" \/>\n<meta property=\"og:image\" content=\"https:\/\/iaber.it\/wp-content\/uploads\/2025\/11\/06.04.0202.jpg\" \/>\n\t<meta property=\"og:image:width\" content=\"750\" \/>\n\t<meta property=\"og:image:height\" content=\"750\" \/>\n\t<meta property=\"og:image:type\" content=\"image\/jpeg\" \/>\n<meta name=\"twitter:card\" content=\"summary_large_image\" \/>\n<!-- \/ Yoast SEO plugin. -->","yoast_head_json":{"title":"GANTS V\u00c9T\u00c9RINAIRES AVEC PROTECTION \u00c9PAULE \"GLOVETOP\" (50 PCS) &#8211; Iaber innovation","robots":{"index":"index","follow":"follow","max-snippet":"max-snippet:-1","max-image-preview":"max-image-preview:large","max-video-preview":"max-video-preview:-1"},"canonical":"https:\/\/iaber.it\/fr\/prodotto\/gants-veterinaires-avec-protection-epaule-glovetop-50-pcs\/","og_locale":"fr_FR","og_type":"article","og_title":"GANTS V\u00c9T\u00c9RINAIRES AVEC PROTECTION \u00c9PAULE \"GLOVETOP\" (50 PCS) &#8211; Iaber innovation","og_description":"GANTS V\u00c9T\u00c9RINAIRES AVEC PROTECTION \u00c9PAULE ET INSERTION POUR LA T\u00caTE","og_url":"https:\/\/iaber.it\/fr\/prodotto\/gants-veterinaires-avec-protection-epaule-glovetop-50-pcs\/","og_site_name":"Iaber innovation","article_modified_time":"2023-05-30T12:56:54+00:00","og_image":[{"width":750,"height":750,"url":"https:\/\/iaber.it\/wp-content\/uploads\/2025\/11\/06.04.0202.jpg","type":"image\/jpeg"}],"twitter_card":"summary_large_image","schema":{"@context":"https:\/\/schema.org","@graph":[{"@type":"WebPage","@id":"https:\/\/iaber.it\/fr\/prodotto\/gants-veterinaires-avec-protection-epaule-glovetop-50-pcs\/","url":"https:\/\/iaber.it\/fr\/prodotto\/gants-veterinaires-avec-protection-epaule-glovetop-50-pcs\/","name":"GANTS V\u00c9T\u00c9RINAIRES AVEC PROTECTION \u00c9PAULE \"GLOVETOP\" (50 PCS) &#8211; Iaber innovation","isPartOf":{"@id":"https:\/\/iaber.it\/#website"},"primaryImageOfPage":{"@id":"https:\/\/iaber.it\/fr\/prodotto\/gants-veterinaires-avec-protection-epaule-glovetop-50-pcs\/#primaryimage"},"image":{"@id":"https:\/\/iaber.it\/fr\/prodotto\/gants-veterinaires-avec-protection-epaule-glovetop-50-pcs\/#primaryimage"},"thumbnailUrl":"https:\/\/iaber.it\/wp-content\/uploads\/2025\/11\/06.04.0202-1.jpg","datePublished":"2023-05-08T15:28:07+00:00","dateModified":"2023-05-30T12:56:54+00:00","breadcrumb":{"@id":"https:\/\/iaber.it\/fr\/prodotto\/gants-veterinaires-avec-protection-epaule-glovetop-50-pcs\/#breadcrumb"},"inLanguage":"fr-FR","potentialAction":[{"@type":"ReadAction","target":["https:\/\/iaber.it\/fr\/prodotto\/gants-veterinaires-avec-protection-epaule-glovetop-50-pcs\/"]}]},{"@type":"ImageObject","inLanguage":"fr-FR","@id":"https:\/\/iaber.it\/fr\/prodotto\/gants-veterinaires-avec-protection-epaule-glovetop-50-pcs\/#primaryimage","url":"https:\/\/iaber.it\/wp-content\/uploads\/2025\/11\/06.04.0202-1.jpg","contentUrl":"https:\/\/iaber.it\/wp-content\/uploads\/2025\/11\/06.04.0202-1.jpg","width":750,"height":750},{"@type":"BreadcrumbList","@id":"https:\/\/iaber.it\/fr\/prodotto\/gants-veterinaires-avec-protection-epaule-glovetop-50-pcs\/#breadcrumb","itemListElement":[{"@type":"ListItem","position":1,"name":"Home","item":"https:\/\/iaber.it\/fr\/"},{"@type":"ListItem","position":2,"name":"Produits","item":"https:\/\/iaber.it\/fr\/produits\/"},{"@type":"ListItem","position":3,"name":"GANTS V\u00c9T\u00c9RINAIRES AVEC PROTECTION \u00c9PAULE &#8220;GLOVETOP&#8221; (50 PCS)"}]},{"@type":"WebSite","@id":"https:\/\/iaber.it\/#website","url":"https:\/\/iaber.it\/","name":"Iaber.it - Attrezzature veterinarie e zootecniche","description":"Attrezzature veterinarie e zootecniche","publisher":{"@id":"https:\/\/iaber.it\/#organization"},"alternateName":"Iaber","potentialAction":[{"@type":"SearchAction","target":{"@type":"EntryPoint","urlTemplate":"https:\/\/iaber.it\/?s={search_term_string}"},"query-input":{"@type":"PropertyValueSpecification","valueRequired":true,"valueName":"search_term_string"}}],"inLanguage":"fr-FR"},{"@type":"Organization","@id":"https:\/\/iaber.it\/#organization","name":"Iaber innovation","alternateName":"Iaber","url":"https:\/\/iaber.it\/","logo":{"@type":"ImageObject","inLanguage":"fr-FR","@id":"https:\/\/iaber.it\/#\/schema\/logo\/image\/","url":"https:\/\/iaber.it\/wp-content\/uploads\/2022\/11\/logo.svg","contentUrl":"https:\/\/iaber.it\/wp-content\/uploads\/2022\/11\/logo.svg","width":"1024","height":"1024","caption":"Iaber innovation"},"image":{"@id":"https:\/\/iaber.it\/#\/schema\/logo\/image\/"}}]}},"jetpack_sharing_enabled":true,"_links":{"self":[{"href":"https:\/\/iaber.it\/fr\/wp-json\/wp\/v2\/product\/20978","targetHints":{"allow":["GET"]}}],"collection":[{"href":"https:\/\/iaber.it\/fr\/wp-json\/wp\/v2\/product"}],"about":[{"href":"https:\/\/iaber.it\/fr\/wp-json\/wp\/v2\/types\/product"}],"replies":[{"embeddable":true,"href":"https:\/\/iaber.it\/fr\/wp-json\/wp\/v2\/comments?post=20978"}],"wp:featuredmedia":[{"embeddable":true,"href":"https:\/\/iaber.it\/fr\/wp-json\/wp\/v2\/media\/42890"}],"wp:attachment":[{"href":"https:\/\/iaber.it\/fr\/wp-json\/wp\/v2\/media?parent=20978"}],"wp:term":[{"taxonomy":"product_brand","embeddable":true,"href":"https:\/\/iaber.it\/fr\/wp-json\/wp\/v2\/product_brand?post=20978"},{"taxonomy":"product_cat","embeddable":true,"href":"https:\/\/iaber.it\/fr\/wp-json\/wp\/v2\/product_cat?post=20978"},{"taxonomy":"product_tag","embeddable":true,"href":"https:\/\/iaber.it\/fr\/wp-json\/wp\/v2\/product_tag?post=20978"}],"curies":[{"name":"wp","href":"https:\/\/api.w.org\/{rel}","templated":true}]}}