{"id":38612,"date":"2023-08-02T12:57:19","date_gmt":"2023-08-02T10:57:19","guid":{"rendered":"https:\/\/iaber.it\/prodotto\/palo-per-recinzione-in-plastica-con-punta-in-acciaio-bianco-con-doppio-piede-di-appoggio\/"},"modified":"2023-11-21T09:54:05","modified_gmt":"2023-11-21T08:54:05","slug":"poteau-pour-cloture-en-plastique-avec-bout-en-acier-avec-deux-pieds-dappui","status":"publish","type":"product","link":"https:\/\/iaber.it\/fr\/prodotto\/poteau-pour-cloture-en-plastique-avec-bout-en-acier-avec-deux-pieds-dappui\/","title":{"rendered":"POTEAU POUR CL\u00d4TURE EN PLASTIQUE AVEC BOUT EN ACIER AVEC DEUX PIEDS D&#8217;APPUI"},"content":{"rendered":"<p>couleur blanche<\/p>\n<p>Longueur 104 cm<\/p>\n<p>Disponible en bo\u00eete de 5 pi\u00e8ces<\/p>\n<p>Equip\u00e9 de deux pieds de support pour faciliter la fixation du t\u00e9l\u00e9phone<\/p>\n","protected":false},"excerpt":{"rendered":"<p>couleur blanche Longueur 104 cm Disponible en bo\u00eete de 5 pi\u00e8ces Equip\u00e9 de deux pieds de support pour faciliter la fixation du t\u00e9l\u00e9phone<\/p>\n","protected":false},"featured_media":4120,"comment_status":"closed","ping_status":"closed","template":"","meta":{"inline_featured_image":false},"product_brand":[],"product_cat":[929,932,901,902,924,903],"product_tag":[],"class_list":{"0":"post-38612","1":"product","2":"type-product","3":"status-publish","4":"has-post-thumbnail","6":"product_cat-cloture-electrique","7":"product_cat-poteaux-pour-cloture","8":"product_cat-bovins-engraissement","9":"product_cat-vaches-laitieres","10":"product_cat-ovi-caprins","11":"product_cat-equins","12":"description-off","14":"first","15":"instock","16":"shipping-taxable","17":"product-type-simple"},"yoast_head":"<!-- This site is optimized with the Yoast SEO plugin v25.9 - https:\/\/yoast.com\/wordpress\/plugins\/seo\/ -->\n<title>POTEAU POUR CL\u00d4TURE EN PLASTIQUE AVEC BOUT EN ACIER AVEC DEUX PIEDS D&#039;APPUI &#8211; Iaber innovation<\/title>\n<meta name=\"robots\" content=\"index, follow, max-snippet:-1, max-image-preview:large, max-video-preview:-1\" \/>\n<link rel=\"canonical\" href=\"https:\/\/iaber.it\/fr\/prodotto\/poteau-pour-cloture-en-plastique-avec-bout-en-acier-avec-deux-pieds-dappui\/\" \/>\n<meta property=\"og:locale\" content=\"fr_FR\" \/>\n<meta property=\"og:type\" content=\"article\" \/>\n<meta property=\"og:title\" content=\"POTEAU POUR CL\u00d4TURE EN PLASTIQUE AVEC BOUT EN ACIER AVEC DEUX PIEDS D&#039;APPUI &#8211; Iaber innovation\" \/>\n<meta property=\"og:description\" content=\"couleur blanche Longueur 104 cm Disponible en bo\u00eete de 5 pi\u00e8ces Equip\u00e9 de deux pieds de support pour faciliter la fixation du t\u00e9l\u00e9phone\" \/>\n<meta property=\"og:url\" content=\"https:\/\/iaber.it\/fr\/prodotto\/poteau-pour-cloture-en-plastique-avec-bout-en-acier-avec-deux-pieds-dappui\/\" \/>\n<meta property=\"og:site_name\" content=\"Iaber innovation\" \/>\n<meta property=\"article:modified_time\" content=\"2023-11-21T08:54:05+00:00\" \/>\n<meta property=\"og:image\" content=\"https:\/\/iaber.it\/wp-content\/uploads\/2023\/04\/08.04.2024.jpg\" \/>\n\t<meta property=\"og:image:width\" content=\"1200\" \/>\n\t<meta property=\"og:image:height\" content=\"1200\" \/>\n\t<meta property=\"og:image:type\" content=\"image\/jpeg\" \/>\n<meta name=\"twitter:card\" content=\"summary_large_image\" \/>\n<meta name=\"twitter:label1\" content=\"Dur\u00e9e de lecture estim\u00e9e\" \/>\n\t<meta name=\"twitter:data1\" content=\"1 minute\" \/>\n<!-- \/ Yoast SEO plugin. -->","yoast_head_json":{"title":"POTEAU POUR CL\u00d4TURE EN PLASTIQUE AVEC BOUT EN ACIER AVEC DEUX PIEDS D'APPUI &#8211; Iaber innovation","robots":{"index":"index","follow":"follow","max-snippet":"max-snippet:-1","max-image-preview":"max-image-preview:large","max-video-preview":"max-video-preview:-1"},"canonical":"https:\/\/iaber.it\/fr\/prodotto\/poteau-pour-cloture-en-plastique-avec-bout-en-acier-avec-deux-pieds-dappui\/","og_locale":"fr_FR","og_type":"article","og_title":"POTEAU POUR CL\u00d4TURE EN PLASTIQUE AVEC BOUT EN ACIER AVEC DEUX PIEDS D'APPUI &#8211; Iaber innovation","og_description":"couleur blanche Longueur 104 cm Disponible en bo\u00eete de 5 pi\u00e8ces Equip\u00e9 de deux pieds de support pour faciliter la fixation du t\u00e9l\u00e9phone","og_url":"https:\/\/iaber.it\/fr\/prodotto\/poteau-pour-cloture-en-plastique-avec-bout-en-acier-avec-deux-pieds-dappui\/","og_site_name":"Iaber innovation","article_modified_time":"2023-11-21T08:54:05+00:00","og_image":[{"width":1200,"height":1200,"url":"https:\/\/iaber.it\/wp-content\/uploads\/2023\/04\/08.04.2024.jpg","type":"image\/jpeg"}],"twitter_card":"summary_large_image","twitter_misc":{"Dur\u00e9e de lecture estim\u00e9e":"1 minute"},"schema":{"@context":"https:\/\/schema.org","@graph":[{"@type":"WebPage","@id":"https:\/\/iaber.it\/fr\/prodotto\/poteau-pour-cloture-en-plastique-avec-bout-en-acier-avec-deux-pieds-dappui\/","url":"https:\/\/iaber.it\/fr\/prodotto\/poteau-pour-cloture-en-plastique-avec-bout-en-acier-avec-deux-pieds-dappui\/","name":"POTEAU POUR CL\u00d4TURE EN PLASTIQUE AVEC BOUT EN ACIER AVEC DEUX PIEDS D'APPUI &#8211; Iaber innovation","isPartOf":{"@id":"https:\/\/iaber.it\/#website"},"primaryImageOfPage":{"@id":"https:\/\/iaber.it\/fr\/prodotto\/poteau-pour-cloture-en-plastique-avec-bout-en-acier-avec-deux-pieds-dappui\/#primaryimage"},"image":{"@id":"https:\/\/iaber.it\/fr\/prodotto\/poteau-pour-cloture-en-plastique-avec-bout-en-acier-avec-deux-pieds-dappui\/#primaryimage"},"thumbnailUrl":"https:\/\/iaber.it\/wp-content\/uploads\/2023\/04\/08.04.2024.jpg","datePublished":"2023-08-02T10:57:19+00:00","dateModified":"2023-11-21T08:54:05+00:00","breadcrumb":{"@id":"https:\/\/iaber.it\/fr\/prodotto\/poteau-pour-cloture-en-plastique-avec-bout-en-acier-avec-deux-pieds-dappui\/#breadcrumb"},"inLanguage":"fr-FR","potentialAction":[{"@type":"ReadAction","target":["https:\/\/iaber.it\/fr\/prodotto\/poteau-pour-cloture-en-plastique-avec-bout-en-acier-avec-deux-pieds-dappui\/"]}]},{"@type":"ImageObject","inLanguage":"fr-FR","@id":"https:\/\/iaber.it\/fr\/prodotto\/poteau-pour-cloture-en-plastique-avec-bout-en-acier-avec-deux-pieds-dappui\/#primaryimage","url":"https:\/\/iaber.it\/wp-content\/uploads\/2023\/04\/08.04.2024.jpg","contentUrl":"https:\/\/iaber.it\/wp-content\/uploads\/2023\/04\/08.04.2024.jpg","width":1200,"height":1200},{"@type":"BreadcrumbList","@id":"https:\/\/iaber.it\/fr\/prodotto\/poteau-pour-cloture-en-plastique-avec-bout-en-acier-avec-deux-pieds-dappui\/#breadcrumb","itemListElement":[{"@type":"ListItem","position":1,"name":"Home","item":"https:\/\/iaber.it\/fr\/"},{"@type":"ListItem","position":2,"name":"Produits","item":"https:\/\/iaber.it\/fr\/produits\/"},{"@type":"ListItem","position":3,"name":"POTEAU POUR CL\u00d4TURE EN PLASTIQUE AVEC BOUT EN ACIER AVEC DEUX PIEDS D&#8217;APPUI"}]},{"@type":"WebSite","@id":"https:\/\/iaber.it\/#website","url":"https:\/\/iaber.it\/","name":"Iaber.it - Attrezzature veterinarie e zootecniche","description":"Attrezzature veterinarie e zootecniche","publisher":{"@id":"https:\/\/iaber.it\/#organization"},"alternateName":"Iaber","potentialAction":[{"@type":"SearchAction","target":{"@type":"EntryPoint","urlTemplate":"https:\/\/iaber.it\/?s={search_term_string}"},"query-input":{"@type":"PropertyValueSpecification","valueRequired":true,"valueName":"search_term_string"}}],"inLanguage":"fr-FR"},{"@type":"Organization","@id":"https:\/\/iaber.it\/#organization","name":"Iaber innovation","alternateName":"Iaber","url":"https:\/\/iaber.it\/","logo":{"@type":"ImageObject","inLanguage":"fr-FR","@id":"https:\/\/iaber.it\/#\/schema\/logo\/image\/","url":"https:\/\/iaber.it\/wp-content\/uploads\/2022\/11\/logo.svg","contentUrl":"https:\/\/iaber.it\/wp-content\/uploads\/2022\/11\/logo.svg","width":"1024","height":"1024","caption":"Iaber innovation"},"image":{"@id":"https:\/\/iaber.it\/#\/schema\/logo\/image\/"}}]}},"jetpack_sharing_enabled":true,"_links":{"self":[{"href":"https:\/\/iaber.it\/fr\/wp-json\/wp\/v2\/product\/38612","targetHints":{"allow":["GET"]}}],"collection":[{"href":"https:\/\/iaber.it\/fr\/wp-json\/wp\/v2\/product"}],"about":[{"href":"https:\/\/iaber.it\/fr\/wp-json\/wp\/v2\/types\/product"}],"replies":[{"embeddable":true,"href":"https:\/\/iaber.it\/fr\/wp-json\/wp\/v2\/comments?post=38612"}],"wp:featuredmedia":[{"embeddable":true,"href":"https:\/\/iaber.it\/fr\/wp-json\/wp\/v2\/media\/4120"}],"wp:attachment":[{"href":"https:\/\/iaber.it\/fr\/wp-json\/wp\/v2\/media?parent=38612"}],"wp:term":[{"taxonomy":"product_brand","embeddable":true,"href":"https:\/\/iaber.it\/fr\/wp-json\/wp\/v2\/product_brand?post=38612"},{"taxonomy":"product_cat","embeddable":true,"href":"https:\/\/iaber.it\/fr\/wp-json\/wp\/v2\/product_cat?post=38612"},{"taxonomy":"product_tag","embeddable":true,"href":"https:\/\/iaber.it\/fr\/wp-json\/wp\/v2\/product_tag?post=38612"}],"curies":[{"name":"wp","href":"https:\/\/api.w.org\/{rel}","templated":true}]}}