{"id":41479,"date":"2025-02-19T18:54:37","date_gmt":"2025-02-19T17:54:37","guid":{"rendered":"https:\/\/iaber.it\/prodotto\/liquid-nitrogen-container-yds-3-50-single-level\/"},"modified":"2025-04-08T10:01:41","modified_gmt":"2025-04-08T08:01:41","slug":"liquid-nitrogen-container-yds-3-50-single-level","status":"publish","type":"product","link":"https:\/\/iaber.it\/fr\/prodotto\/liquid-nitrogen-container-yds-3-50-single-level\/","title":{"rendered":"RESERVOIR POUR AZOTE LIQUIDE YDS 3-50 \u00c9TAGE UNIQUE"},"content":{"rendered":"","protected":false},"excerpt":{"rendered":"<p>R\u00c9SERVOIR POUR AZOTE LIQUIDE AVEC CAPACIT\u00c9 3 LITRES ET COL 50 mm AVEC SIX CANISTERS \u00c0 NIVEAU SIMPLE.<br \/>\nCe r\u00e9servoir est petit et facilement maniable. Ses six canisters lui permettent de conserver des \u00e9chantillons biologiques et des paillettes pour une courte p\u00e9riode.<\/p>\n","protected":false},"featured_media":40443,"comment_status":"closed","ping_status":"closed","template":"","meta":{"inline_featured_image":false},"product_brand":[1651],"product_cat":[911,1561,901,902],"product_tag":[],"class_list":{"0":"post-41479","1":"product","2":"type-product","3":"status-publish","4":"has-post-thumbnail","6":"product_brand-cryofarm-fr","7":"product_cat-insemination-artificielle","8":"product_cat-reservoirs-pour-azote-liquide","9":"product_cat-bovins-engraissement","10":"product_cat-vaches-laitieres","11":"description-off","13":"first","14":"instock","15":"shipping-taxable","16":"product-type-simple"},"yoast_head":"<!-- This site is optimized with the Yoast SEO plugin v25.9 - https:\/\/yoast.com\/wordpress\/plugins\/seo\/ -->\n<title>RESERVOIR POUR AZOTE LIQUIDE YDS 3-50 \u00c9TAGE UNIQUE &#8211; Iaber innovation<\/title>\n<meta name=\"robots\" content=\"index, follow, max-snippet:-1, max-image-preview:large, max-video-preview:-1\" \/>\n<link rel=\"canonical\" href=\"https:\/\/iaber.it\/fr\/prodotto\/liquid-nitrogen-container-yds-3-50-single-level\/\" \/>\n<meta property=\"og:locale\" content=\"fr_FR\" \/>\n<meta property=\"og:type\" content=\"article\" \/>\n<meta property=\"og:title\" content=\"RESERVOIR POUR AZOTE LIQUIDE YDS 3-50 \u00c9TAGE UNIQUE &#8211; Iaber innovation\" \/>\n<meta property=\"og:description\" content=\"R\u00c9SERVOIR POUR AZOTE LIQUIDE AVEC CAPACIT\u00c9 3 LITRES ET COL 50 mm AVEC SIX CANISTERS \u00c0 NIVEAU SIMPLE. Ce r\u00e9servoir est petit et facilement maniable. Ses six canisters lui permettent de conserver des \u00e9chantillons biologiques et des paillettes pour une courte p\u00e9riode.\" \/>\n<meta property=\"og:url\" content=\"https:\/\/iaber.it\/fr\/prodotto\/liquid-nitrogen-container-yds-3-50-single-level\/\" \/>\n<meta property=\"og:site_name\" content=\"Iaber innovation\" \/>\n<meta property=\"article:modified_time\" content=\"2025-04-08T08:01:41+00:00\" \/>\n<meta property=\"og:image\" content=\"https:\/\/iaber.it\/wp-content\/uploads\/2025\/02\/06.05.0002.jpg\" \/>\n\t<meta property=\"og:image:width\" content=\"1000\" \/>\n\t<meta property=\"og:image:height\" content=\"1000\" \/>\n\t<meta property=\"og:image:type\" content=\"image\/jpeg\" \/>\n<meta name=\"twitter:card\" content=\"summary_large_image\" \/>\n<meta name=\"twitter:label1\" content=\"Dur\u00e9e de lecture estim\u00e9e\" \/>\n\t<meta name=\"twitter:data1\" content=\"1 minute\" \/>\n<!-- \/ Yoast SEO plugin. -->","yoast_head_json":{"title":"RESERVOIR POUR AZOTE LIQUIDE YDS 3-50 \u00c9TAGE UNIQUE &#8211; Iaber innovation","robots":{"index":"index","follow":"follow","max-snippet":"max-snippet:-1","max-image-preview":"max-image-preview:large","max-video-preview":"max-video-preview:-1"},"canonical":"https:\/\/iaber.it\/fr\/prodotto\/liquid-nitrogen-container-yds-3-50-single-level\/","og_locale":"fr_FR","og_type":"article","og_title":"RESERVOIR POUR AZOTE LIQUIDE YDS 3-50 \u00c9TAGE UNIQUE &#8211; Iaber innovation","og_description":"R\u00c9SERVOIR POUR AZOTE LIQUIDE AVEC CAPACIT\u00c9 3 LITRES ET COL 50 mm AVEC SIX CANISTERS \u00c0 NIVEAU SIMPLE. Ce r\u00e9servoir est petit et facilement maniable. Ses six canisters lui permettent de conserver des \u00e9chantillons biologiques et des paillettes pour une courte p\u00e9riode.","og_url":"https:\/\/iaber.it\/fr\/prodotto\/liquid-nitrogen-container-yds-3-50-single-level\/","og_site_name":"Iaber innovation","article_modified_time":"2025-04-08T08:01:41+00:00","og_image":[{"width":1000,"height":1000,"url":"https:\/\/iaber.it\/wp-content\/uploads\/2025\/02\/06.05.0002.jpg","type":"image\/jpeg"}],"twitter_card":"summary_large_image","twitter_misc":{"Dur\u00e9e de lecture estim\u00e9e":"1 minute"},"schema":{"@context":"https:\/\/schema.org","@graph":[{"@type":"WebPage","@id":"https:\/\/iaber.it\/fr\/prodotto\/liquid-nitrogen-container-yds-3-50-single-level\/","url":"https:\/\/iaber.it\/fr\/prodotto\/liquid-nitrogen-container-yds-3-50-single-level\/","name":"RESERVOIR POUR AZOTE LIQUIDE YDS 3-50 \u00c9TAGE UNIQUE &#8211; Iaber innovation","isPartOf":{"@id":"https:\/\/iaber.it\/#website"},"primaryImageOfPage":{"@id":"https:\/\/iaber.it\/fr\/prodotto\/liquid-nitrogen-container-yds-3-50-single-level\/#primaryimage"},"image":{"@id":"https:\/\/iaber.it\/fr\/prodotto\/liquid-nitrogen-container-yds-3-50-single-level\/#primaryimage"},"thumbnailUrl":"https:\/\/iaber.it\/wp-content\/uploads\/2025\/02\/06.05.0002.jpg","datePublished":"2025-02-19T17:54:37+00:00","dateModified":"2025-04-08T08:01:41+00:00","breadcrumb":{"@id":"https:\/\/iaber.it\/fr\/prodotto\/liquid-nitrogen-container-yds-3-50-single-level\/#breadcrumb"},"inLanguage":"fr-FR","potentialAction":[{"@type":"ReadAction","target":["https:\/\/iaber.it\/fr\/prodotto\/liquid-nitrogen-container-yds-3-50-single-level\/"]}]},{"@type":"ImageObject","inLanguage":"fr-FR","@id":"https:\/\/iaber.it\/fr\/prodotto\/liquid-nitrogen-container-yds-3-50-single-level\/#primaryimage","url":"https:\/\/iaber.it\/wp-content\/uploads\/2025\/02\/06.05.0002.jpg","contentUrl":"https:\/\/iaber.it\/wp-content\/uploads\/2025\/02\/06.05.0002.jpg","width":1000,"height":1000},{"@type":"BreadcrumbList","@id":"https:\/\/iaber.it\/fr\/prodotto\/liquid-nitrogen-container-yds-3-50-single-level\/#breadcrumb","itemListElement":[{"@type":"ListItem","position":1,"name":"Home","item":"https:\/\/iaber.it\/fr\/"},{"@type":"ListItem","position":2,"name":"Produits","item":"https:\/\/iaber.it\/fr\/produits\/"},{"@type":"ListItem","position":3,"name":"RESERVOIR POUR AZOTE LIQUIDE YDS 3-50 \u00c9TAGE UNIQUE"}]},{"@type":"WebSite","@id":"https:\/\/iaber.it\/#website","url":"https:\/\/iaber.it\/","name":"Iaber.it - Attrezzature veterinarie e zootecniche","description":"Attrezzature veterinarie e zootecniche","publisher":{"@id":"https:\/\/iaber.it\/#organization"},"alternateName":"Iaber","potentialAction":[{"@type":"SearchAction","target":{"@type":"EntryPoint","urlTemplate":"https:\/\/iaber.it\/?s={search_term_string}"},"query-input":{"@type":"PropertyValueSpecification","valueRequired":true,"valueName":"search_term_string"}}],"inLanguage":"fr-FR"},{"@type":"Organization","@id":"https:\/\/iaber.it\/#organization","name":"Iaber innovation","alternateName":"Iaber","url":"https:\/\/iaber.it\/","logo":{"@type":"ImageObject","inLanguage":"fr-FR","@id":"https:\/\/iaber.it\/#\/schema\/logo\/image\/","url":"https:\/\/iaber.it\/wp-content\/uploads\/2022\/11\/logo.svg","contentUrl":"https:\/\/iaber.it\/wp-content\/uploads\/2022\/11\/logo.svg","width":"1024","height":"1024","caption":"Iaber innovation"},"image":{"@id":"https:\/\/iaber.it\/#\/schema\/logo\/image\/"}}]}},"jetpack_sharing_enabled":true,"_links":{"self":[{"href":"https:\/\/iaber.it\/fr\/wp-json\/wp\/v2\/product\/41479","targetHints":{"allow":["GET"]}}],"collection":[{"href":"https:\/\/iaber.it\/fr\/wp-json\/wp\/v2\/product"}],"about":[{"href":"https:\/\/iaber.it\/fr\/wp-json\/wp\/v2\/types\/product"}],"replies":[{"embeddable":true,"href":"https:\/\/iaber.it\/fr\/wp-json\/wp\/v2\/comments?post=41479"}],"wp:featuredmedia":[{"embeddable":true,"href":"https:\/\/iaber.it\/fr\/wp-json\/wp\/v2\/media\/40443"}],"wp:attachment":[{"href":"https:\/\/iaber.it\/fr\/wp-json\/wp\/v2\/media?parent=41479"}],"wp:term":[{"taxonomy":"product_brand","embeddable":true,"href":"https:\/\/iaber.it\/fr\/wp-json\/wp\/v2\/product_brand?post=41479"},{"taxonomy":"product_cat","embeddable":true,"href":"https:\/\/iaber.it\/fr\/wp-json\/wp\/v2\/product_cat?post=41479"},{"taxonomy":"product_tag","embeddable":true,"href":"https:\/\/iaber.it\/fr\/wp-json\/wp\/v2\/product_tag?post=41479"}],"curies":[{"name":"wp","href":"https:\/\/api.w.org\/{rel}","templated":true}]}}