{"id":41490,"date":"2025-03-31T12:05:57","date_gmt":"2025-03-31T10:05:57","guid":{"rendered":"https:\/\/iaber.it\/prodotto\/liquid-nitrogen-container-yds-35-90-double-level\/"},"modified":"2025-04-08T12:29:33","modified_gmt":"2025-04-08T10:29:33","slug":"reservoir-pour-azote-liquide-yds-35-90-etage-double","status":"publish","type":"product","link":"https:\/\/iaber.it\/fr\/prodotto\/reservoir-pour-azote-liquide-yds-35-90-etage-double\/","title":{"rendered":"R\u00c9SERVOIR POUR AZOTE LIQUIDE YDS 35-90 \u00c9TAGE DOUBLE"},"content":{"rendered":"","protected":false},"excerpt":{"rendered":"<p>R\u00c9SERVOIR POUR AZOTE LIQUIDE AVEC CAPACIT\u00c9 35 LITRES ET COL 90 mm AVEC SIX CANISTERS \u00c0 DOUBLE NIVEAU.<br \/>\nCe r\u00e9servoir est id\u00e9al pour la conservation d\u2019\u00e9chantillons biologiques pour ins\u00e9mination artificielle. Sa grande taille le rend difficilement maniable, mais il a une bonne autonomie malgr\u00e9 le col plus large que la moyenne.<\/p>\n<p>&nbsp;<\/p>\n<table>\n<tbody>\n<tr>\n<th colspan=\"2\">EN CANISTER SANS GOBLET<\/th>\n<\/tr>\n<tr>\n<td>0,50 ML PAILETTES EN VRAC<\/td>\n<td>2580<\/td>\n<\/tr>\n<tr>\n<td>0,25 ML PAILETTES EN VRAC<\/td>\n<td>5280<\/td>\n<\/tr>\n<tr>\n<td>0,50 ML PAILETTES PARTAG\u00c9ES EN PETITS GOBLETS<\/td>\n<td>1500<\/td>\n<\/tr>\n<tr>\n<td>0,50 ML PAILETTES PARTG\u00c9ES EN PETITS GOBLETS<\/td>\n<td>3390<\/td>\n<\/tr>\n<\/tbody>\n<\/table>\n<p>&nbsp;<\/p>\n<table>\n<tbody>\n<tr>\n<th colspan=\"2\">EN CANISTER AVEC GOBELET<\/th>\n<\/tr>\n<tr>\n<td>0,50 ML PAILETTES EN VRAC<\/td>\n<td>4800<\/td>\n<\/tr>\n<tr>\n<td>0,25 ML PAILETTES EN VRAC<\/td>\n<td>9600<\/td>\n<\/tr>\n<tr>\n<td>0,50 ML PAILETTES PARTG\u00c9ES EN PETITS GOBLETS<\/td>\n<td>2736<\/td>\n<\/tr>\n<tr>\n<td>0,25 ML PAILETTES PARTAG\u00c9ES EN PETITS GOBLETS<\/td>\n<td>6156<\/td>\n<\/tr>\n<\/tbody>\n<\/table>\n<p>&nbsp;<\/p>\n","protected":false},"featured_media":41031,"comment_status":"closed","ping_status":"closed","template":"","meta":{"inline_featured_image":false},"product_brand":[1651],"product_cat":[911,1561,901,902],"product_tag":[],"class_list":{"0":"post-41490","1":"product","2":"type-product","3":"status-publish","4":"has-post-thumbnail","6":"product_brand-cryofarm-fr","7":"product_cat-insemination-artificielle","8":"product_cat-reservoirs-pour-azote-liquide","9":"product_cat-bovins-engraissement","10":"product_cat-vaches-laitieres","11":"description-off","13":"first","14":"instock","15":"shipping-taxable","16":"product-type-simple"},"yoast_head":"<!-- This site is optimized with the Yoast SEO plugin v25.9 - https:\/\/yoast.com\/wordpress\/plugins\/seo\/ -->\n<title>R\u00c9SERVOIR POUR AZOTE LIQUIDE YDS 35-90 \u00c9TAGE DOUBLE &#8211; Iaber innovation<\/title>\n<meta name=\"robots\" content=\"index, follow, max-snippet:-1, max-image-preview:large, max-video-preview:-1\" \/>\n<link rel=\"canonical\" href=\"https:\/\/iaber.it\/fr\/prodotto\/reservoir-pour-azote-liquide-yds-35-90-etage-double\/\" \/>\n<meta property=\"og:locale\" content=\"fr_FR\" \/>\n<meta property=\"og:type\" content=\"article\" \/>\n<meta property=\"og:title\" content=\"R\u00c9SERVOIR POUR AZOTE LIQUIDE YDS 35-90 \u00c9TAGE DOUBLE &#8211; Iaber innovation\" \/>\n<meta property=\"og:description\" content=\"R\u00c9SERVOIR POUR AZOTE LIQUIDE AVEC CAPACIT\u00c9 35 LITRES ET COL 90 mm AVEC SIX CANISTERS \u00c0 DOUBLE NIVEAU. Ce r\u00e9servoir est id\u00e9al pour la conservation d\u2019\u00e9chantillons biologiques pour ins\u00e9mination artificielle. Sa grande taille le rend difficilement maniable, mais il a une bonne autonomie malgr\u00e9 le col plus large que la moyenne.  &nbsp;    EN CANISTER SANS GOBLET   0,50 ML PAILETTES EN VRAC 2580   0,25 ML PAILETTES EN VRAC 5280   0,50 ML PAILETTES PARTAG\u00c9ES EN PETITS GOBLETS 1500   0,50 ML PAILETTES PARTG\u00c9ES EN PETITS GOBLETS 3390    &nbsp;    EN CANISTER AVEC GOBELET   0,50 ML PAILETTES EN VRAC 4800   0,25 ML PAILETTES EN VRAC 9600   0,50 ML PAILETTES PARTG\u00c9ES EN PETITS GOBLETS 2736   0,25 ML PAILETTES PARTAG\u00c9ES EN PETITS GOBLETS 6156    &nbsp;\" \/>\n<meta property=\"og:url\" content=\"https:\/\/iaber.it\/fr\/prodotto\/reservoir-pour-azote-liquide-yds-35-90-etage-double\/\" \/>\n<meta property=\"og:site_name\" content=\"Iaber innovation\" \/>\n<meta property=\"article:modified_time\" content=\"2025-04-08T10:29:33+00:00\" \/>\n<meta property=\"og:image\" content=\"https:\/\/iaber.it\/wp-content\/uploads\/2025\/03\/06.05.0014-contenitore.jpg\" \/>\n\t<meta property=\"og:image:width\" content=\"900\" \/>\n\t<meta property=\"og:image:height\" content=\"900\" \/>\n\t<meta property=\"og:image:type\" content=\"image\/jpeg\" \/>\n<meta name=\"twitter:card\" content=\"summary_large_image\" \/>\n<meta name=\"twitter:label1\" content=\"Dur\u00e9e de lecture estim\u00e9e\" \/>\n\t<meta name=\"twitter:data1\" content=\"1 minute\" \/>\n<!-- \/ Yoast SEO plugin. -->","yoast_head_json":{"title":"R\u00c9SERVOIR POUR AZOTE LIQUIDE YDS 35-90 \u00c9TAGE DOUBLE &#8211; Iaber innovation","robots":{"index":"index","follow":"follow","max-snippet":"max-snippet:-1","max-image-preview":"max-image-preview:large","max-video-preview":"max-video-preview:-1"},"canonical":"https:\/\/iaber.it\/fr\/prodotto\/reservoir-pour-azote-liquide-yds-35-90-etage-double\/","og_locale":"fr_FR","og_type":"article","og_title":"R\u00c9SERVOIR POUR AZOTE LIQUIDE YDS 35-90 \u00c9TAGE DOUBLE &#8211; Iaber innovation","og_description":"R\u00c9SERVOIR POUR AZOTE LIQUIDE AVEC CAPACIT\u00c9 35 LITRES ET COL 90 mm AVEC SIX CANISTERS \u00c0 DOUBLE NIVEAU. Ce r\u00e9servoir est id\u00e9al pour la conservation d\u2019\u00e9chantillons biologiques pour ins\u00e9mination artificielle. Sa grande taille le rend difficilement maniable, mais il a une bonne autonomie malgr\u00e9 le col plus large que la moyenne.  &nbsp;    EN CANISTER SANS GOBLET   0,50 ML PAILETTES EN VRAC 2580   0,25 ML PAILETTES EN VRAC 5280   0,50 ML PAILETTES PARTAG\u00c9ES EN PETITS GOBLETS 1500   0,50 ML PAILETTES PARTG\u00c9ES EN PETITS GOBLETS 3390    &nbsp;    EN CANISTER AVEC GOBELET   0,50 ML PAILETTES EN VRAC 4800   0,25 ML PAILETTES EN VRAC 9600   0,50 ML PAILETTES PARTG\u00c9ES EN PETITS GOBLETS 2736   0,25 ML PAILETTES PARTAG\u00c9ES EN PETITS GOBLETS 6156    &nbsp;","og_url":"https:\/\/iaber.it\/fr\/prodotto\/reservoir-pour-azote-liquide-yds-35-90-etage-double\/","og_site_name":"Iaber innovation","article_modified_time":"2025-04-08T10:29:33+00:00","og_image":[{"width":900,"height":900,"url":"https:\/\/iaber.it\/wp-content\/uploads\/2025\/03\/06.05.0014-contenitore.jpg","type":"image\/jpeg"}],"twitter_card":"summary_large_image","twitter_misc":{"Dur\u00e9e de lecture estim\u00e9e":"1 minute"},"schema":{"@context":"https:\/\/schema.org","@graph":[{"@type":"WebPage","@id":"https:\/\/iaber.it\/fr\/prodotto\/reservoir-pour-azote-liquide-yds-35-90-etage-double\/","url":"https:\/\/iaber.it\/fr\/prodotto\/reservoir-pour-azote-liquide-yds-35-90-etage-double\/","name":"R\u00c9SERVOIR POUR AZOTE LIQUIDE YDS 35-90 \u00c9TAGE DOUBLE &#8211; Iaber innovation","isPartOf":{"@id":"https:\/\/iaber.it\/#website"},"primaryImageOfPage":{"@id":"https:\/\/iaber.it\/fr\/prodotto\/reservoir-pour-azote-liquide-yds-35-90-etage-double\/#primaryimage"},"image":{"@id":"https:\/\/iaber.it\/fr\/prodotto\/reservoir-pour-azote-liquide-yds-35-90-etage-double\/#primaryimage"},"thumbnailUrl":"https:\/\/iaber.it\/wp-content\/uploads\/2025\/03\/06.05.0014-contenitore.jpg","datePublished":"2025-03-31T10:05:57+00:00","dateModified":"2025-04-08T10:29:33+00:00","breadcrumb":{"@id":"https:\/\/iaber.it\/fr\/prodotto\/reservoir-pour-azote-liquide-yds-35-90-etage-double\/#breadcrumb"},"inLanguage":"fr-FR","potentialAction":[{"@type":"ReadAction","target":["https:\/\/iaber.it\/fr\/prodotto\/reservoir-pour-azote-liquide-yds-35-90-etage-double\/"]}]},{"@type":"ImageObject","inLanguage":"fr-FR","@id":"https:\/\/iaber.it\/fr\/prodotto\/reservoir-pour-azote-liquide-yds-35-90-etage-double\/#primaryimage","url":"https:\/\/iaber.it\/wp-content\/uploads\/2025\/03\/06.05.0014-contenitore.jpg","contentUrl":"https:\/\/iaber.it\/wp-content\/uploads\/2025\/03\/06.05.0014-contenitore.jpg","width":900,"height":900},{"@type":"BreadcrumbList","@id":"https:\/\/iaber.it\/fr\/prodotto\/reservoir-pour-azote-liquide-yds-35-90-etage-double\/#breadcrumb","itemListElement":[{"@type":"ListItem","position":1,"name":"Home","item":"https:\/\/iaber.it\/fr\/"},{"@type":"ListItem","position":2,"name":"Produits","item":"https:\/\/iaber.it\/fr\/produits\/"},{"@type":"ListItem","position":3,"name":"R\u00c9SERVOIR POUR AZOTE LIQUIDE YDS 35-90 \u00c9TAGE DOUBLE"}]},{"@type":"WebSite","@id":"https:\/\/iaber.it\/#website","url":"https:\/\/iaber.it\/","name":"Iaber.it - Attrezzature veterinarie e zootecniche","description":"Attrezzature veterinarie e zootecniche","publisher":{"@id":"https:\/\/iaber.it\/#organization"},"alternateName":"Iaber","potentialAction":[{"@type":"SearchAction","target":{"@type":"EntryPoint","urlTemplate":"https:\/\/iaber.it\/?s={search_term_string}"},"query-input":{"@type":"PropertyValueSpecification","valueRequired":true,"valueName":"search_term_string"}}],"inLanguage":"fr-FR"},{"@type":"Organization","@id":"https:\/\/iaber.it\/#organization","name":"Iaber innovation","alternateName":"Iaber","url":"https:\/\/iaber.it\/","logo":{"@type":"ImageObject","inLanguage":"fr-FR","@id":"https:\/\/iaber.it\/#\/schema\/logo\/image\/","url":"https:\/\/iaber.it\/wp-content\/uploads\/2022\/11\/logo.svg","contentUrl":"https:\/\/iaber.it\/wp-content\/uploads\/2022\/11\/logo.svg","width":"1024","height":"1024","caption":"Iaber innovation"},"image":{"@id":"https:\/\/iaber.it\/#\/schema\/logo\/image\/"}}]}},"jetpack_sharing_enabled":true,"_links":{"self":[{"href":"https:\/\/iaber.it\/fr\/wp-json\/wp\/v2\/product\/41490","targetHints":{"allow":["GET"]}}],"collection":[{"href":"https:\/\/iaber.it\/fr\/wp-json\/wp\/v2\/product"}],"about":[{"href":"https:\/\/iaber.it\/fr\/wp-json\/wp\/v2\/types\/product"}],"replies":[{"embeddable":true,"href":"https:\/\/iaber.it\/fr\/wp-json\/wp\/v2\/comments?post=41490"}],"wp:featuredmedia":[{"embeddable":true,"href":"https:\/\/iaber.it\/fr\/wp-json\/wp\/v2\/media\/41031"}],"wp:attachment":[{"href":"https:\/\/iaber.it\/fr\/wp-json\/wp\/v2\/media?parent=41490"}],"wp:term":[{"taxonomy":"product_brand","embeddable":true,"href":"https:\/\/iaber.it\/fr\/wp-json\/wp\/v2\/product_brand?post=41490"},{"taxonomy":"product_cat","embeddable":true,"href":"https:\/\/iaber.it\/fr\/wp-json\/wp\/v2\/product_cat?post=41490"},{"taxonomy":"product_tag","embeddable":true,"href":"https:\/\/iaber.it\/fr\/wp-json\/wp\/v2\/product_tag?post=41490"}],"curies":[{"name":"wp","href":"https:\/\/api.w.org\/{rel}","templated":true}]}}