{"id":41741,"date":"2025-03-27T12:05:49","date_gmt":"2025-03-27T11:05:49","guid":{"rendered":"https:\/\/iaber.it\/prodotto\/cow-lifting-frame-easylift-iaber-2000-kg\/"},"modified":"2025-04-09T14:42:22","modified_gmt":"2025-04-09T12:42:22","slug":"elevateur-de-betail-easylift-iaber-2000-kg","status":"publish","type":"product","link":"https:\/\/iaber.it\/fr\/prodotto\/elevateur-de-betail-easylift-iaber-2000-kg\/","title":{"rendered":"\u00c9L\u00c9VATEUR DE B\u00c9TAIL EASYLIFT IABER 2000 KG"},"content":{"rendered":"","protected":false},"excerpt":{"rendered":"","protected":false},"featured_media":41583,"comment_status":"closed","ping_status":"closed","template":"","meta":{"inline_featured_image":false},"product_brand":[1647],"product_cat":[1476,893,899,901,902],"product_tag":[],"class_list":{"0":"post-41741","1":"product","2":"type-product","3":"status-publish","4":"has-post-thumbnail","6":"product_brand-iaber-fr","7":"product_cat-nouveaux-produits","8":"product_cat-elevage","9":"product_cat-confinement","10":"product_cat-bovins-engraissement","11":"product_cat-vaches-laitieres","12":"description-off","14":"first","15":"instock","16":"shipping-taxable","17":"product-type-simple"},"yoast_head":"<!-- This site is optimized with the Yoast SEO plugin v25.9 - https:\/\/yoast.com\/wordpress\/plugins\/seo\/ -->\n<title>\u00c9L\u00c9VATEUR DE B\u00c9TAIL EASYLIFT IABER 2000 KG &#8211; Iaber innovation<\/title>\n<meta name=\"robots\" content=\"index, follow, max-snippet:-1, max-image-preview:large, max-video-preview:-1\" \/>\n<link rel=\"canonical\" href=\"https:\/\/iaber.it\/fr\/prodotto\/elevateur-de-betail-easylift-iaber-2000-kg\/\" \/>\n<meta property=\"og:locale\" content=\"fr_FR\" \/>\n<meta property=\"og:type\" content=\"article\" \/>\n<meta property=\"og:title\" content=\"\u00c9L\u00c9VATEUR DE B\u00c9TAIL EASYLIFT IABER 2000 KG &#8211; Iaber innovation\" \/>\n<meta property=\"og:url\" content=\"https:\/\/iaber.it\/fr\/prodotto\/elevateur-de-betail-easylift-iaber-2000-kg\/\" \/>\n<meta property=\"og:site_name\" content=\"Iaber innovation\" \/>\n<meta property=\"article:modified_time\" content=\"2025-04-09T12:42:22+00:00\" \/>\n<meta property=\"og:image\" content=\"https:\/\/iaber.it\/wp-content\/uploads\/2025\/04\/03.01.0411.jpg\" \/>\n\t<meta property=\"og:image:width\" content=\"1000\" \/>\n\t<meta property=\"og:image:height\" content=\"1000\" \/>\n\t<meta property=\"og:image:type\" content=\"image\/jpeg\" \/>\n<meta name=\"twitter:card\" content=\"summary_large_image\" \/>\n<meta name=\"twitter:label1\" content=\"Dur\u00e9e de lecture estim\u00e9e\" \/>\n\t<meta name=\"twitter:data1\" content=\"1 minute\" \/>\n<!-- \/ Yoast SEO plugin. -->","yoast_head_json":{"title":"\u00c9L\u00c9VATEUR DE B\u00c9TAIL EASYLIFT IABER 2000 KG &#8211; Iaber innovation","robots":{"index":"index","follow":"follow","max-snippet":"max-snippet:-1","max-image-preview":"max-image-preview:large","max-video-preview":"max-video-preview:-1"},"canonical":"https:\/\/iaber.it\/fr\/prodotto\/elevateur-de-betail-easylift-iaber-2000-kg\/","og_locale":"fr_FR","og_type":"article","og_title":"\u00c9L\u00c9VATEUR DE B\u00c9TAIL EASYLIFT IABER 2000 KG &#8211; Iaber innovation","og_url":"https:\/\/iaber.it\/fr\/prodotto\/elevateur-de-betail-easylift-iaber-2000-kg\/","og_site_name":"Iaber innovation","article_modified_time":"2025-04-09T12:42:22+00:00","og_image":[{"width":1000,"height":1000,"url":"https:\/\/iaber.it\/wp-content\/uploads\/2025\/04\/03.01.0411.jpg","type":"image\/jpeg"}],"twitter_card":"summary_large_image","twitter_misc":{"Dur\u00e9e de lecture estim\u00e9e":"1 minute"},"schema":{"@context":"https:\/\/schema.org","@graph":[{"@type":"WebPage","@id":"https:\/\/iaber.it\/fr\/prodotto\/elevateur-de-betail-easylift-iaber-2000-kg\/","url":"https:\/\/iaber.it\/fr\/prodotto\/elevateur-de-betail-easylift-iaber-2000-kg\/","name":"\u00c9L\u00c9VATEUR DE B\u00c9TAIL EASYLIFT IABER 2000 KG &#8211; Iaber innovation","isPartOf":{"@id":"https:\/\/iaber.it\/#website"},"primaryImageOfPage":{"@id":"https:\/\/iaber.it\/fr\/prodotto\/elevateur-de-betail-easylift-iaber-2000-kg\/#primaryimage"},"image":{"@id":"https:\/\/iaber.it\/fr\/prodotto\/elevateur-de-betail-easylift-iaber-2000-kg\/#primaryimage"},"thumbnailUrl":"https:\/\/iaber.it\/wp-content\/uploads\/2025\/04\/03.01.0411.jpg","datePublished":"2025-03-27T11:05:49+00:00","dateModified":"2025-04-09T12:42:22+00:00","breadcrumb":{"@id":"https:\/\/iaber.it\/fr\/prodotto\/elevateur-de-betail-easylift-iaber-2000-kg\/#breadcrumb"},"inLanguage":"fr-FR","potentialAction":[{"@type":"ReadAction","target":["https:\/\/iaber.it\/fr\/prodotto\/elevateur-de-betail-easylift-iaber-2000-kg\/"]}]},{"@type":"ImageObject","inLanguage":"fr-FR","@id":"https:\/\/iaber.it\/fr\/prodotto\/elevateur-de-betail-easylift-iaber-2000-kg\/#primaryimage","url":"https:\/\/iaber.it\/wp-content\/uploads\/2025\/04\/03.01.0411.jpg","contentUrl":"https:\/\/iaber.it\/wp-content\/uploads\/2025\/04\/03.01.0411.jpg","width":1000,"height":1000},{"@type":"BreadcrumbList","@id":"https:\/\/iaber.it\/fr\/prodotto\/elevateur-de-betail-easylift-iaber-2000-kg\/#breadcrumb","itemListElement":[{"@type":"ListItem","position":1,"name":"Home","item":"https:\/\/iaber.it\/fr\/"},{"@type":"ListItem","position":2,"name":"Produits","item":"https:\/\/iaber.it\/fr\/produits\/"},{"@type":"ListItem","position":3,"name":"\u00c9L\u00c9VATEUR DE B\u00c9TAIL EASYLIFT IABER 2000 KG"}]},{"@type":"WebSite","@id":"https:\/\/iaber.it\/#website","url":"https:\/\/iaber.it\/","name":"Iaber.it - Attrezzature veterinarie e zootecniche","description":"Attrezzature veterinarie e zootecniche","publisher":{"@id":"https:\/\/iaber.it\/#organization"},"alternateName":"Iaber","potentialAction":[{"@type":"SearchAction","target":{"@type":"EntryPoint","urlTemplate":"https:\/\/iaber.it\/?s={search_term_string}"},"query-input":{"@type":"PropertyValueSpecification","valueRequired":true,"valueName":"search_term_string"}}],"inLanguage":"fr-FR"},{"@type":"Organization","@id":"https:\/\/iaber.it\/#organization","name":"Iaber innovation","alternateName":"Iaber","url":"https:\/\/iaber.it\/","logo":{"@type":"ImageObject","inLanguage":"fr-FR","@id":"https:\/\/iaber.it\/#\/schema\/logo\/image\/","url":"https:\/\/iaber.it\/wp-content\/uploads\/2022\/11\/logo.svg","contentUrl":"https:\/\/iaber.it\/wp-content\/uploads\/2022\/11\/logo.svg","width":"1024","height":"1024","caption":"Iaber innovation"},"image":{"@id":"https:\/\/iaber.it\/#\/schema\/logo\/image\/"}}]}},"jetpack_sharing_enabled":true,"_links":{"self":[{"href":"https:\/\/iaber.it\/fr\/wp-json\/wp\/v2\/product\/41741","targetHints":{"allow":["GET"]}}],"collection":[{"href":"https:\/\/iaber.it\/fr\/wp-json\/wp\/v2\/product"}],"about":[{"href":"https:\/\/iaber.it\/fr\/wp-json\/wp\/v2\/types\/product"}],"replies":[{"embeddable":true,"href":"https:\/\/iaber.it\/fr\/wp-json\/wp\/v2\/comments?post=41741"}],"wp:featuredmedia":[{"embeddable":true,"href":"https:\/\/iaber.it\/fr\/wp-json\/wp\/v2\/media\/41583"}],"wp:attachment":[{"href":"https:\/\/iaber.it\/fr\/wp-json\/wp\/v2\/media?parent=41741"}],"wp:term":[{"taxonomy":"product_brand","embeddable":true,"href":"https:\/\/iaber.it\/fr\/wp-json\/wp\/v2\/product_brand?post=41741"},{"taxonomy":"product_cat","embeddable":true,"href":"https:\/\/iaber.it\/fr\/wp-json\/wp\/v2\/product_cat?post=41741"},{"taxonomy":"product_tag","embeddable":true,"href":"https:\/\/iaber.it\/fr\/wp-json\/wp\/v2\/product_tag?post=41741"}],"curies":[{"name":"wp","href":"https:\/\/api.w.org\/{rel}","templated":true}]}}